{"id":58325,"date":"2026-03-12T09:54:57","date_gmt":"2026-03-12T07:54:57","guid":{"rendered":"https:\/\/agrozone.ee\/toode\/ruostumattomasta-teraksesta-valmistetut-savustuskoukut-kaminer-15-kpl\/"},"modified":"2026-03-12T09:54:57","modified_gmt":"2026-03-12T07:54:57","slug":"ruostumattomasta-teraksesta-valmistetut-savustuskoukut-kaminer-15-kpl","status":"publish","type":"product","link":"https:\/\/agrozone.ee\/fi\/tuote\/ruostumattomasta-teraksesta-valmistetut-savustuskoukut-kaminer-15-kpl\/","title":{"rendered":"Ruostumattomasta ter\u00e4ksest\u00e4 valmistetut savustuskoukut KAMINER (15 kpl)"},"content":{"rendered":"<h2 data-path-to-node=\"8\">Ruostumattomasta ter\u00e4ksest\u00e4 valmistetut savustuskoukut KAMINER (15 kpl)<\/h2>\n<p data-path-to-node=\"9\">Laadukas savuliha, -kala tai kotitekoinen makkara vaatii oikeat ty\u00f6v\u00e4lineet. T\u00e4m\u00e4 15-osainen <b data-path-to-node=\"9\" data-index-in-node=\"92\">KAMINER-savustuskoukkusarja<\/b> on korvaamaton apu jokaiselle savustuksen harrastajalle. Ruostumattomasta ter\u00e4ksest\u00e4 valmistetut vahvat S-malliset koukut varmistavat, ett\u00e4 tuotteesi riippuvat savustusuunissa turvallisesti ja vakaasti koko prosessin ajan.  <\/p>\n<p data-path-to-node=\"10\"><b data-path-to-node=\"10\" data-index-in-node=\"0\">Miksi valita KAMINER-savustuskoukut?<\/b><\/p>\n<ul data-path-to-node=\"11\">\n<li>\n<p data-path-to-node=\"11,0,0\"><b data-path-to-node=\"11,0,0\" data-index-in-node=\"0\">Huippulaadukas ruostumaton ter\u00e4s:<\/b> Paksusta ter\u00e4ksest\u00e4 valmistetut koukut kest\u00e4v\u00e4t ruostetta, korkeita l\u00e4mp\u00f6tiloja ja kosteutta. Ne kest\u00e4v\u00e4t vaativimmissakin savustusolosuhteissa. <\/p>\n<\/li>\n<li>\n<p data-path-to-node=\"11,1,0\"><b data-path-to-node=\"11,1,0\" data-index-in-node=\"0\">Ter\u00e4v\u00e4 ja \u00e4lyk\u00e4s S-muoto:<\/b> Jokaisessa koukussa on teroitettu p\u00e4\u00e4, mik\u00e4 tekee lihan tai kalan l\u00e4vist\u00e4misest\u00e4 eritt\u00e4in helppoa rikkomatta tuotteen rakennetta. Harkitun S-muodon ansiosta koukku kiinnittyy vakaasti savustusuunin tankoon eik\u00e4 luista pois. <\/p>\n<\/li>\n<li>\n<p data-path-to-node=\"11,2,0\"><b data-path-to-node=\"11,2,0\" data-index-in-node=\"0\">K\u00e4yt\u00e4nn\u00f6llinen sarja:<\/b> 15 koukkua on ihanteellinen m\u00e4\u00e4r\u00e4, joka kattaa kerralla suuremman uunillisen savustustarpeen.<\/p>\n<\/li>\n<li>\n<p data-path-to-node=\"11,3,0\"><b data-path-to-node=\"11,3,0\" data-index-in-node=\"0\">Helppo puhdistaa:<\/b> Sile\u00e4 ter\u00e4spinta tekee koukkujen pesusta k\u00e4yt\u00f6n j\u00e4lkeen nopeaa ja vaivatonta, varmistaen hygienian seuraavia kertoja varten.<\/p>\n<\/li>\n<\/ul>\n<p data-path-to-node=\"12\"><b data-path-to-node=\"12\" data-index-in-node=\"0\">Tekniset tiedot:<\/b><\/p>\n<ul data-path-to-node=\"13\">\n<li>\n<p data-path-to-node=\"13,0,0\"><b data-path-to-node=\"13,0,0\" data-index-in-node=\"0\">K\u00e4ytt\u00f6tarkoitus:<\/b> Makkaroiden, lihan, kinkun ja kalan savustukseen<\/p>\n<\/li>\n<li>\n<p data-path-to-node=\"13,1,0\"><b data-path-to-node=\"13,1,0\" data-index-in-node=\"0\"><span class=\"citation-4\">Muoto:<\/span><\/b><span class=\"citation-4 citation-end-4\"> S-malli, yksi ter\u00e4v\u00e4 p\u00e4\u00e4<\/span><\/p>\n<\/li>\n<li>\n<p data-path-to-node=\"13,2,0\"><b data-path-to-node=\"13,2,0\" data-index-in-node=\"0\">Materiaali:<\/b> Ruostumaton ter\u00e4s<\/p>\n<\/li>\n<li>\n<p data-path-to-node=\"13,3,0\"><b data-path-to-node=\"13,3,0\" data-index-in-node=\"0\"><span class=\"citation-3\">Mitat (yksi koukku):<\/span><\/b><span class=\"citation-3 citation-end-3\"> 15 x 4,5 x 0,3 cm<\/span><\/p>\n<\/li>\n<li>\n<p data-path-to-node=\"13,4,0\"><b data-path-to-node=\"13,4,0\" data-index-in-node=\"0\">Sarjan paino:<\/b> 0,189 kg<\/p>\n<\/li>\n<\/ul>\n<blockquote data-path-to-node=\"16\">\n<p data-path-to-node=\"16,0\"><b data-path-to-node=\"16,0\" data-index-in-node=\"0\">Huolto ja turvallisuus:<\/b> Koukkujen pitk\u00e4n k\u00e4ytt\u00f6i\u00e4n varmistamiseksi puhdista ne huolellisesti rasvasta, tervasta ja muista savustusj\u00e4\u00e4mist\u00e4 jokaisen k\u00e4ytt\u00f6kerran j\u00e4lkeen (k\u00e4yt\u00e4 tarvittaessa erikoispuhdistusaineita). S\u00e4ilyt\u00e4 koukut kuivassa ja viile\u00e4ss\u00e4 paikassa s\u00e4\u00e4olosuhteiden aiheuttamien vaurioiden v\u00e4ltt\u00e4miseksi. \u00c4l\u00e4 k\u00e4yt\u00e4 liikaa voimaa tuotteita ripustaessasi, jotta koukut eiv\u00e4t v\u00e4\u00e4nny.  <\/p>\n<\/blockquote>\n","protected":false},"excerpt":{"rendered":"<p>Ruostumattomasta ter\u00e4ksest\u00e4 valmistetut savustuskoukut KAMINER (15 kpl) Laadukas savuliha, -kala tai kotitekoinen makkara vaatii oikeat ty\u00f6v\u00e4lineet. T\u00e4m\u00e4 15-osainen KAMINER-savustuskoukkusarja on korvaamaton apu jokaiselle savustuksen harrastajalle. Ruostumattomasta ter\u00e4ksest\u00e4 valmistetut vahvat S-malliset koukut varmistavat, ett\u00e4 tuotteesi riippuvat savustusuunissa turvallisesti ja vakaasti koko prosessin ajan. Miksi valita KAMINER-savustuskoukut? Huippulaadukas ruostumaton ter\u00e4s: Paksusta ter\u00e4ksest\u00e4 valmistetut koukut kest\u00e4v\u00e4t ruostetta, korkeita [&hellip;]<\/p>\n","protected":false},"featured_media":58326,"template":"","meta":{"_acf_changed":false,"_seopress_robots_primary_cat":"none","_seopress_titles_title":"Savustuskoukut lihalle ja kalalle (15 kpl) KAMINER | Agrozone","_seopress_titles_desc":"Etsitk\u00f6 kest\u00e4vi\u00e4 koukkuja savustusuuniin? Laadukkaat ruostumattomasta ter\u00e4ksest\u00e4 valmistetut S-malliset savustuskoukut (15 kpl) lihalle, makkaralle ja kalalle. Tilaa Agrozoniesta!  ","_seopress_robots_index":"","_gspb_post_css":""},"product_brand":[],"product_cat":[3065,2392,2377],"product_tag":[],"class_list":{"0":"post-58325","1":"product","2":"type-product","3":"status-publish","4":"has-post-thumbnail","6":"product_cat-grillaus-grillit-ja-tarvikkeet","7":"product_cat-kaikki-luokat","8":"product_cat-pienemmat-puutarhurin-tyokalut","10":"first","11":"instock","12":"taxable","13":"shipping-taxable","14":"purchasable","15":"product-type-simple"},"ct_brands":[],"acf":[],"_links":{"self":[{"href":"https:\/\/agrozone.ee\/fi\/wp-json\/wp\/v2\/product\/58325","targetHints":{"allow":["GET"]}}],"collection":[{"href":"https:\/\/agrozone.ee\/fi\/wp-json\/wp\/v2\/product"}],"about":[{"href":"https:\/\/agrozone.ee\/fi\/wp-json\/wp\/v2\/types\/product"}],"wp:featuredmedia":[{"embeddable":true,"href":"https:\/\/agrozone.ee\/fi\/wp-json\/wp\/v2\/media\/58326"}],"wp:attachment":[{"href":"https:\/\/agrozone.ee\/fi\/wp-json\/wp\/v2\/media?parent=58325"}],"wp:term":[{"taxonomy":"product_brand","embeddable":true,"href":"https:\/\/agrozone.ee\/fi\/wp-json\/wp\/v2\/product_brand?post=58325"},{"taxonomy":"product_cat","embeddable":true,"href":"https:\/\/agrozone.ee\/fi\/wp-json\/wp\/v2\/product_cat?post=58325"},{"taxonomy":"product_tag","embeddable":true,"href":"https:\/\/agrozone.ee\/fi\/wp-json\/wp\/v2\/product_tag?post=58325"}],"curies":[{"name":"wp","href":"https:\/\/api.w.org\/{rel}","templated":true}]}}