{"id":58350,"date":"2026-03-23T12:12:47","date_gmt":"2026-03-23T10:12:47","guid":{"rendered":"https:\/\/agrozone.ee\/toode\/harkapapu-hangdown-50-g\/"},"modified":"2026-03-23T12:12:47","modified_gmt":"2026-03-23T10:12:47","slug":"harkapapu-hangdown-50-g","status":"publish","type":"product","link":"https:\/\/agrozone.ee\/fi\/tuote\/harkapapu-hangdown-50-g\/","title":{"rendered":"H\u00e4rk\u00e4papu Hangdown 50 g"},"content":{"rendered":"<p data-path-to-node=\"12,0\"><b data-path-to-node=\"12,0\" data-index-in-node=\"0\">H\u00e4rk\u00e4papu &#8216;Hangdown&#8217; (50 g) \u2013 puutarhasi varma sadon takaaja!<\/b><\/p>\n<p data-path-to-node=\"12,1\">Haaveiletko kotimaisesta ja maukkaasta h\u00e4rk\u00e4papusadosta? <b data-path-to-node=\"12,1\" data-index-in-node=\"45\">H\u00e4rk\u00e4papu &#8216;Hangdown&#8217;<\/b> on puutarhureiden keskuudessa arvostettu, eritt\u00e4in satoisa ja keskivarhainen lajike, joka ei tuota pettymyst\u00e4. T\u00e4m\u00e4 voimakasvuinen kasvi kasvaa jopa 120 cm korkeaksi ja sopii t\u00e4ydellisesti niin suuremmalle pellolle kuin kotipuutarhaankin. <\/p>\n<p data-path-to-node=\"12,2\">Jokainen palko k\u00e4tkee sis\u00e4\u00e4ns\u00e4 yleens\u00e4 4\u20135 keskikokoista, kaunista vihert\u00e4v\u00e4\u00e4 papua. Pavut ovat lihaisia, maultaan mietoja ja sopivat erinomaisesti niin tuorek\u00e4ytt\u00f6\u00f6n, keittoihin kuin pakastukseenkin. <\/p>\n<p data-path-to-node=\"12,3\"><b data-path-to-node=\"12,3\" data-index-in-node=\"0\">Miten kasvattaa?<\/b> H\u00e4rk\u00e4pavun siemenet kannattaa kylv\u00e4\u00e4 maahan heti tilaisuuden tullen.<\/p>\n<ul data-path-to-node=\"12,4\">\n<li>\n<p data-path-to-node=\"12,4,0,0\"><b data-path-to-node=\"12,4,0,0\" data-index-in-node=\"0\">Kylv\u00f6:<\/b> Huhtikuusta toukokuuhun suoraan avomaalle. H\u00e4rk\u00e4papu ei pelk\u00e4\u00e4 kev\u00e4ist\u00e4 viileytt\u00e4! <\/p>\n<\/li>\n<li>\n<p data-path-to-node=\"12,4,1,0\"><b data-path-to-node=\"12,4,1,0\" data-index-in-node=\"0\">Vinkki:<\/b> Runsaamman sadon ja suurempien palkojen saamiseksi varmista kasville riitt\u00e4v\u00e4 kosteus kukinnan ja palkojen muodostumisen aikana.<\/p>\n<\/li>\n<\/ul>\n<p data-path-to-node=\"12,5\">Tilaa <b data-path-to-node=\"12,5\" data-index-in-node=\"6\">h\u00e4rk\u00e4pavun siemenet<\/b> vaivattomasti Agrozone-verkkokaupasta ja nauti kes\u00e4ll\u00e4 ty\u00f6si maukkaista hedelmist\u00e4!<\/p>\n","protected":false},"excerpt":{"rendered":"<p>H\u00e4rk\u00e4papu &#8216;Hangdown&#8217; (50 g) \u2013 puutarhasi varma sadon takaaja! Haaveiletko kotimaisesta ja maukkaasta h\u00e4rk\u00e4papusadosta? H\u00e4rk\u00e4papu &#8216;Hangdown&#8217; on puutarhureiden keskuudessa arvostettu, eritt\u00e4in satoisa ja keskivarhainen lajike, joka ei tuota pettymyst\u00e4. T\u00e4m\u00e4 voimakasvuinen kasvi kasvaa jopa 120 cm korkeaksi ja sopii t\u00e4ydellisesti niin suuremmalle pellolle kuin kotipuutarhaankin. Jokainen palko k\u00e4tkee sis\u00e4\u00e4ns\u00e4 yleens\u00e4 4\u20135 keskikokoista, kaunista vihert\u00e4v\u00e4\u00e4 papua. [&hellip;]<\/p>\n","protected":false},"featured_media":58352,"template":"","meta":{"_acf_changed":false,"_seopress_robots_primary_cat":"none","_seopress_titles_title":"H\u00e4rk\u00e4papu Hangdown Siemenet (50 g) | Eritt\u00e4in satoisa & keskivarhainen | Agrozone","_seopress_titles_desc":"Etsitk\u00f6 runsasta satoa? Tilaa h\u00e4rk\u00e4papu 'Hangdown' (50 g) Agrozone-verkkokaupasta. Keskivarhainen ja kest\u00e4v\u00e4 lajike, suuret mehukkaat pavut. Osta siemenet t\u00e4st\u00e4!   ","_seopress_robots_index":"","_gspb_post_css":""},"product_brand":[],"product_cat":[2403,2392,2399,2401],"product_tag":[],"class_list":{"0":"post-58350","1":"product","2":"type-product","3":"status-publish","4":"has-post-thumbnail","6":"product_cat-puutarhapavut","7":"product_cat-kaikki-luokat","8":"product_cat-siemenet","9":"product_cat-vihanneksien-siemenet","11":"first","12":"instock","13":"taxable","14":"shipping-taxable","15":"purchasable","16":"product-type-simple"},"ct_brands":[],"acf":[],"_links":{"self":[{"href":"https:\/\/agrozone.ee\/fi\/wp-json\/wp\/v2\/product\/58350","targetHints":{"allow":["GET"]}}],"collection":[{"href":"https:\/\/agrozone.ee\/fi\/wp-json\/wp\/v2\/product"}],"about":[{"href":"https:\/\/agrozone.ee\/fi\/wp-json\/wp\/v2\/types\/product"}],"wp:featuredmedia":[{"embeddable":true,"href":"https:\/\/agrozone.ee\/fi\/wp-json\/wp\/v2\/media\/58352"}],"wp:attachment":[{"href":"https:\/\/agrozone.ee\/fi\/wp-json\/wp\/v2\/media?parent=58350"}],"wp:term":[{"taxonomy":"product_brand","embeddable":true,"href":"https:\/\/agrozone.ee\/fi\/wp-json\/wp\/v2\/product_brand?post=58350"},{"taxonomy":"product_cat","embeddable":true,"href":"https:\/\/agrozone.ee\/fi\/wp-json\/wp\/v2\/product_cat?post=58350"},{"taxonomy":"product_tag","embeddable":true,"href":"https:\/\/agrozone.ee\/fi\/wp-json\/wp\/v2\/product_tag?post=58350"}],"curies":[{"name":"wp","href":"https:\/\/api.w.org\/{rel}","templated":true}]}}