{"id":58357,"date":"2026-03-12T10:21:23","date_gmt":"2026-03-12T08:21:23","guid":{"rendered":"https:\/\/agrozone.ee\/toode\/10-osainen-eteeristen-oljyjen-setti\/"},"modified":"2026-03-12T10:21:23","modified_gmt":"2026-03-12T08:21:23","slug":"10-osainen-eteeristen-oljyjen-setti","status":"publish","type":"product","link":"https:\/\/agrozone.ee\/fi\/tuote\/10-osainen-eteeristen-oljyjen-setti\/","title":{"rendered":"10-osainen eteeristen \u00f6ljyjen setti"},"content":{"rendered":"<h2 data-path-to-node=\"9\">10-osainen eteeristen \u00f6ljyjen setti diffuuserille RUHHY (10 x 10 ml)<\/h2>\n<p data-path-to-node=\"10\">Haluatko luoda kotiisi nopeasti rentouttavan, raikkaan tai energisoivan tunnelman? T\u00e4m\u00e4 eksklusiivinen 10-osainen <b data-path-to-node=\"10\" data-index-in-node=\"108\">RUHHY-eteeristen \u00f6ljyjen setti<\/b> auttaa sinua mukauttamaan huoneen tuoksun mielialasi, tilanteen tai vuorokaudenajan mukaan. Tyylik\u00e4s magneettikiinnityksell\u00e4 varustettu lahjapakkaus tekee t\u00e4st\u00e4 heti valmiin lahjan yst\u00e4v\u00e4lle, rakkaalle tai perheenj\u00e4senelle!  <\/p>\n<p data-path-to-node=\"11\"><b data-path-to-node=\"11\" data-index-in-node=\"0\">Miksi valita RUHHY-eteeristen \u00f6ljyjen setti?<\/b><\/p>\n<ul data-path-to-node=\"12\">\n<li>\n<p data-path-to-node=\"12,0,0\"><b data-path-to-node=\"12,0,0\" data-index-in-node=\"0\">10 uniikkia tuoksua:<\/b> Luo joka p\u00e4iv\u00e4 t\u00e4ysin uusi tunnelma! Valikoimassa on erilaisia tuoksukoostumuksia rauhoittavista kukkaisvivahteista l\u00e4mpimiin ja it\u00e4maisiin s\u00e4vyihin. Jokainen tila \u2013 oli se sitten olohuone, makuuhuone, toimisto tai jopa auto \u2013 saa juuri sinun makuusi sopivan ilmeen.  <\/p>\n<\/li>\n<li>\n<p data-path-to-node=\"12,1,0\"><b data-path-to-node=\"12,1,0\" data-index-in-node=\"0\">Tiivistetty ja riittoisa koostumus:<\/b> Korkean pitoisuuden ansiosta vain muutama tippa riitt\u00e4\u00e4 saavuttamaan intensiivisen ja pitk\u00e4kestoisen tuoksun. N\u00e4in jokainen pullo kest\u00e4\u00e4 pidemp\u00e4\u00e4n. <\/p>\n<\/li>\n<li>\n<p data-path-to-node=\"12,2,0\"><b data-path-to-node=\"12,2,0\" data-index-in-node=\"0\">Universaali k\u00e4ytt\u00f6:<\/b> N\u00e4m\u00e4 \u00f6ljyt sopivat ihanteellisesti k\u00e4ytett\u00e4v\u00e4ksi ultra\u00e4\u00e4nidiffuusereissa, keraamisissa aromilampuissa, tuoksukivill\u00e4 tai <i data-path-to-node=\"12,2,0\" data-index-in-node=\"134\">potpourrin<\/i> raikastamiseen.<\/p>\n<\/li>\n<li>\n<p data-path-to-node=\"12,3,0\"><b data-path-to-node=\"12,3,0\" data-index-in-node=\"0\">Helppo ja tarkka annostelu:<\/b> Setin mukana tulee kaksi erityist\u00e4 pipetti\u00e4. Niiden avulla voit annostella \u00f6ljy\u00e4 eritt\u00e4in tarkasti v\u00e4ltt\u00e4en hukkaa ja sotkua pullon ymp\u00e4rill\u00e4. <\/p>\n<\/li>\n<li>\n<p data-path-to-node=\"12,4,0\"><b data-path-to-node=\"12,4,0\" data-index-in-node=\"0\">Eksklusiivinen muotoilu:<\/b> \u00d6ljyt on pakattu kauniiseen, kohokuvioituun magneettilaatikkoon. Se on heti valmis lahjaksi \u2013 et tarvitse erillist\u00e4 k\u00e4\u00e4rett\u00e4 tai lahjapaperia! <\/p>\n<\/li>\n<\/ul>\n<p data-path-to-node=\"13\"><b data-path-to-node=\"13\" data-index-in-node=\"0\">Tekniset tiedot:<\/b><\/p>\n<ul data-path-to-node=\"14\">\n<li>\n<p data-path-to-node=\"14,0,0\"><b data-path-to-node=\"14,0,0\" data-index-in-node=\"0\">K\u00e4ytt\u00f6tarkoitus:<\/b> Tuoksu\u00f6ljyt ilman tuoksuttamiseen (diffuuserit, aromilamput)<\/p>\n<\/li>\n<li>\n<p data-path-to-node=\"14,1,0\"><b data-path-to-node=\"14,1,0\" data-index-in-node=\"0\">M\u00e4\u00e4r\u00e4:<\/b> 10 pulloa<\/p>\n<\/li>\n<li>\n<p data-path-to-node=\"14,2,0\"><b data-path-to-node=\"14,2,0\" data-index-in-node=\"0\">Pullon koko:<\/b> 10 ml<\/p>\n<\/li>\n<li>\n<p data-path-to-node=\"14,5,0\"><b data-path-to-node=\"14,5,0\" data-index-in-node=\"0\">Paino:<\/b> 0,596 kg<\/p>\n<\/li>\n<\/ul>\n<p data-path-to-node=\"15\"><b data-path-to-node=\"15\" data-index-in-node=\"0\">Pakkaus sis\u00e4lt\u00e4\u00e4:<\/b><\/p>\n<ul data-path-to-node=\"16\">\n<li>\n<p data-path-to-node=\"16,0,0\">10 x tuoksu\u00f6ljy (10 ml lasipulloissa)<\/p>\n<\/li>\n<li>\n<p data-path-to-node=\"16,1,0\">2 x annostelupipetti\u00e4<\/p>\n<\/li>\n<li>\n<p data-path-to-node=\"16,2,0\">1 x tyylik\u00e4s magneettikiinnitteinen lahjapakkaus<\/p>\n<\/li>\n<li>\n<p data-path-to-node=\"16,3,0\">K\u00e4ytt\u00f6ohjeet<\/p>\n<\/li>\n<\/ul>\n<blockquote data-path-to-node=\"17\">\n<p data-path-to-node=\"17,0\"><b data-path-to-node=\"17,0\" data-index-in-node=\"0\">Turvaohjeet:<\/b> Tuoksu\u00f6ljyt on tarkoitettu vain huoneilman tuoksuttamiseen (ulkoiseen k\u00e4ytt\u00f6\u00f6n diffuusereissa ja aromilampuissa). \u00c4l\u00e4 levit\u00e4 laimentamatonta \u00f6ljy\u00e4 suoraan iholle. S\u00e4ilyt\u00e4 \u00f6ljyt lasten ja lemmikkien ulottumattomissa ja v\u00e4lt\u00e4 aineen joutumista silmiin.  <\/p>\n<\/blockquote>\n","protected":false},"excerpt":{"rendered":"<p>10-osainen eteeristen \u00f6ljyjen setti diffuuserille RUHHY (10 x 10 ml) Haluatko luoda kotiisi nopeasti rentouttavan, raikkaan tai energisoivan tunnelman? T\u00e4m\u00e4 eksklusiivinen 10-osainen RUHHY-eteeristen \u00f6ljyjen setti auttaa sinua mukauttamaan huoneen tuoksun mielialasi, tilanteen tai vuorokaudenajan mukaan. Tyylik\u00e4s magneettikiinnityksell\u00e4 varustettu lahjapakkaus tekee t\u00e4st\u00e4 heti valmiin lahjan yst\u00e4v\u00e4lle, rakkaalle tai perheenj\u00e4senelle! Miksi valita RUHHY-eteeristen \u00f6ljyjen setti? 10 uniikkia [&hellip;]<\/p>\n","protected":false},"featured_media":58359,"template":"","meta":{"_acf_changed":false,"_seopress_robots_primary_cat":"none","_seopress_titles_title":"Eteeristen \u00f6ljyjen setti diffuuserille RUHHY (10x10 ml) | Agrozone","_seopress_titles_desc":"Luo kotiisi rentouttava tunnelma! Tyylik\u00e4s RUHHY 10-osainen eteeristen \u00f6ljyjen setti diffuuserille ja aromilampulle. Erinomainen lahjaidea. Tilaa Agrozoni'sta!   ","_seopress_robots_index":"","_gspb_post_css":""},"product_brand":[],"product_cat":[2392,2363],"product_tag":[],"class_list":{"0":"post-58357","1":"product","2":"type-product","3":"status-publish","4":"has-post-thumbnail","6":"product_cat-kaikki-luokat","7":"product_cat-puutarhatarvikkeet","9":"first","10":"instock","11":"taxable","12":"shipping-taxable","13":"purchasable","14":"product-type-simple"},"ct_brands":[],"acf":[],"_links":{"self":[{"href":"https:\/\/agrozone.ee\/fi\/wp-json\/wp\/v2\/product\/58357","targetHints":{"allow":["GET"]}}],"collection":[{"href":"https:\/\/agrozone.ee\/fi\/wp-json\/wp\/v2\/product"}],"about":[{"href":"https:\/\/agrozone.ee\/fi\/wp-json\/wp\/v2\/types\/product"}],"wp:featuredmedia":[{"embeddable":true,"href":"https:\/\/agrozone.ee\/fi\/wp-json\/wp\/v2\/media\/58359"}],"wp:attachment":[{"href":"https:\/\/agrozone.ee\/fi\/wp-json\/wp\/v2\/media?parent=58357"}],"wp:term":[{"taxonomy":"product_brand","embeddable":true,"href":"https:\/\/agrozone.ee\/fi\/wp-json\/wp\/v2\/product_brand?post=58357"},{"taxonomy":"product_cat","embeddable":true,"href":"https:\/\/agrozone.ee\/fi\/wp-json\/wp\/v2\/product_cat?post=58357"},{"taxonomy":"product_tag","embeddable":true,"href":"https:\/\/agrozone.ee\/fi\/wp-json\/wp\/v2\/product_tag?post=58357"}],"curies":[{"name":"wp","href":"https:\/\/api.w.org\/{rel}","templated":true}]}}