{"id":58461,"date":"2026-04-07T16:18:41","date_gmt":"2026-04-07T14:18:41","guid":{"rendered":"https:\/\/agrozone.ee\/toode\/3-in-1-aurinkotuoli\/"},"modified":"2026-04-07T16:18:41","modified_gmt":"2026-04-07T14:18:41","slug":"3-in-1-aurinkotuoli","status":"publish","type":"product","link":"https:\/\/agrozone.ee\/fi\/tuote\/3-in-1-aurinkotuoli\/","title":{"rendered":"3-in-1-aurinkotuoli"},"content":{"rendered":"<h2 data-path-to-node=\"12\"><b data-path-to-node=\"12\" data-index-in-node=\"0\">Kokoonpantava puutarhatuoli ja aurinkotuoli TRIZAND \u2013 oma rentoutumisalueesi<\/b><\/h2>\n<p data-path-to-node=\"13\">Haluatko rentoutua mukavasti puutarhassasi, terassillasi tai telttaillessasi, mutta tavalliset rantatuolit tuntuvat liian kovilta ja ep\u00e4mukavilta? Tunnetun puolalaisen <b data-path-to-node=\"13\" data-index-in-node=\"148\">TRIZAND<\/b>-merkin kokoonpantava aurinkotuoli on luotu juuri sinulle. Paksun irrotettavan pehmusteen ansiosta se tarjoaa pehme\u00e4n ja tasaisen tuen koko vartalolle, mahdollistaen asennon s\u00e4\u00e4t\u00e4misen juuri sellaiseksi kuin rentoutumiseen tarvitset.  <\/p>\n<h3 data-path-to-node=\"14\"><b data-path-to-node=\"14\" data-index-in-node=\"0\">Miksi valita TRIZAND 3-in-1-aurinkotuoli?<\/b><\/h3>\n<ul data-path-to-node=\"15\">\n<li>\n<p data-path-to-node=\"15,0,0\"><b data-path-to-node=\"15,0,0\" data-index-in-node=\"0\">4 s\u00e4\u00e4dett\u00e4v\u00e4\u00e4 asentoa:<\/b> S\u00e4\u00e4d\u00e4 tuolin selk\u00e4nojaa helposti \u2013 lue kirjaa, ota aurinkoa tai ota virkist\u00e4v\u00e4t nokoset.<\/p>\n<\/li>\n<li>\n<p data-path-to-node=\"15,1,0\"><b data-path-to-node=\"15,1,0\" data-index-in-node=\"0\">Kaksi-yhdess\u00e4 (2-in-1) -toiminnallisuus:<\/b> Toimii sek\u00e4 klassisena puutarhatuolina ett\u00e4 mukavana retkis\u00e4nkyn\u00e4. Yksi malli, monta k\u00e4ytt\u00f6tarkoitusta, mik\u00e4 auttaa s\u00e4\u00e4st\u00e4m\u00e4\u00e4n tilaa. <\/p>\n<\/li>\n<li>\n<p data-path-to-node=\"15,2,0\"><b data-path-to-node=\"15,2,0\" data-index-in-node=\"0\">S\u00e4\u00e4dett\u00e4v\u00e4 jalkatuki:<\/b> Nosta jalat yl\u00f6s juuri niin kuin haluat. T\u00e4m\u00e4 v\u00e4hent\u00e4\u00e4 polviin ja selk\u00e4\u00e4n kohdistuvaa painetta, tehden levosta todella rentouttavan. <\/p>\n<\/li>\n<li>\n<p data-path-to-node=\"15,3,0\"><b data-path-to-node=\"15,3,0\" data-index-in-node=\"0\">Kest\u00e4v\u00e4 Oxford-kangas:<\/b> Kulutusta kest\u00e4v\u00e4 materiaali, joka on helppo puhdistaa ja huoltaa p\u00e4ivitt\u00e4in.<\/p>\n<\/li>\n<li>\n<p data-path-to-node=\"15,4,0\"><b data-path-to-node=\"15,4,0\" data-index-in-node=\"0\">Paksu ja pehme\u00e4 pehmuste:<\/b> Tarjoaa pehme\u00e4n tuen koko vartalolle varmistaen maksimaalisen mukavuuden.<\/p>\n<\/li>\n<li>\n<p data-path-to-node=\"15,5,0\"><b data-path-to-node=\"15,5,0\" data-index-in-node=\"0\">Tukeva ja vakaa rakenne:<\/b> Nelj\u00e4ll\u00e4 jalalla seisova runko tarjoaa vakautta ja turvallisuuden tunnetta sek\u00e4 istuessa ett\u00e4 noustessa. <b data-path-to-node=\"15,5,0\" data-index-in-node=\"130\">Maksimaalinen kantavuus on jopa 120 kg!<\/b><\/p>\n<\/li>\n<li>\n<p data-path-to-node=\"15,6,0\"><b data-path-to-node=\"15,6,0\" data-index-in-node=\"0\">Helppo huoltaa:<\/b> Pehmuste ja niskatuki ovat irrotettavia. Pehmusteen voit pest\u00e4 suoraan pesukoneessa (<b data-path-to-node=\"15,6,0\" data-index-in-node=\"88\">pest\u00e4v\u00e4 30 \u00b0C:ssa<\/b>), jotta tuoli on aina puhdas ja raikas. <\/p>\n<\/li>\n<li>\n<p data-path-to-node=\"15,7,0\"><b data-path-to-node=\"15,7,0\" data-index-in-node=\"0\">Liukuesteet jaloissa:<\/b> Tuoli pysyy vakaana niin m\u00e4r\u00e4ll\u00e4 nurmikolla, terassilaatoilla kuin rantahiekallakin.<\/p>\n<\/li>\n<li>\n<p data-path-to-node=\"15,8,0\"><b data-path-to-node=\"15,8,0\" data-index-in-node=\"0\">Kompakti kokoonpantava muotoilu:<\/b> Helppo kuljettaa ja mahtuu vaivatta auton tavaratilaan tai talveksi varastoon.<\/p>\n<\/li>\n<\/ul>\n<h3 data-path-to-node=\"16\"><b data-path-to-node=\"16\" data-index-in-node=\"0\">Tekniset tiedot:<\/b><\/h3>\n<ul data-path-to-node=\"17\">\n<li>\n<p data-path-to-node=\"17,1,0\"><b data-path-to-node=\"17,1,0\" data-index-in-node=\"0\">Tyyppi:<\/b> 2-in-1 (kokoonpantava puutarhatuoli \/ retkis\u00e4nky)<\/p>\n<\/li>\n<li>\n<p data-path-to-node=\"17,2,0\"><b data-path-to-node=\"17,2,0\" data-index-in-node=\"0\">Maksimaalinen kantavuus:<\/b> 120 kg<\/p>\n<\/li>\n<li>\n<p data-path-to-node=\"17,3,0\"><b data-path-to-node=\"17,3,0\" data-index-in-node=\"0\">V\u00e4ri:<\/b> Harmaa<\/p>\n<\/li>\n<li>\n<p data-path-to-node=\"17,4,0\"><b data-path-to-node=\"17,4,0\" data-index-in-node=\"0\">Mitat makuuasennossa:<\/b> 190 x 68 x 30 cm<\/p>\n<\/li>\n<li>\n<p data-path-to-node=\"17,5,0\"><b data-path-to-node=\"17,5,0\" data-index-in-node=\"0\">Selk\u00e4nojan korkeudet:<\/b> 30 \/ 45 \/ 60 \/ 73 cm<\/p>\n<\/li>\n<li>\n<p data-path-to-node=\"17,6,0\"><b data-path-to-node=\"17,6,0\" data-index-in-node=\"0\">Paino:<\/b> 6,5 kg (pakkauksen kanssa 7,3 kg)<\/p>\n<\/li>\n<li>\n<p data-path-to-node=\"17,7,0\"><b data-path-to-node=\"17,7,0\" data-index-in-node=\"0\">Materiaalit:<\/b> P\u00e4\u00e4llinen on valmistettu Oxford-kankaasta ja polypropeenikuidusta; tukeva runko raudasta ja PP-muovista. Pehmuste: ulkopuoli puuvillaa, sis\u00e4ll\u00e4 PP-puuvillat\u00e4yte. <\/p>\n<\/li>\n<\/ul>\n<h3 data-path-to-node=\"18\"><b data-path-to-node=\"18\" data-index-in-node=\"0\">Mit\u00e4 paketti sis\u00e4lt\u00e4\u00e4?<\/b><\/h3>\n<ul data-path-to-node=\"19\">\n<li>\n<p data-path-to-node=\"19,0,0\">TRIZAND-kokoonpantava aurinkotuoli<\/p>\n<\/li>\n<li>\n<p data-path-to-node=\"19,1,0\">Pehme\u00e4 pitk\u00e4 pehmuste<\/p>\n<\/li>\n<li>\n<p data-path-to-node=\"19,2,0\">Mukava niskatuki<\/p>\n<\/li>\n<\/ul>\n<hr data-path-to-node=\"20\">\n<h3 data-path-to-node=\"21\">\u26a0\ufe0f <b data-path-to-node=\"21\" data-index-in-node=\"3\">Turvaohjeet ja varoitukset turvalliseen k\u00e4ytt\u00f6\u00f6n<\/b><\/h3>\n<ul data-path-to-node=\"22\">\n<li>\n<p data-path-to-node=\"22,0,0\">Sijoita aurinkotuoli aina tasaiselle ja vakaalle pinnalle.<\/p>\n<\/li>\n<li>\n<p data-path-to-node=\"22,1,0\">Varmista ennen istumista, ett\u00e4 kaikki jalat on taitettu kokonaan auki ja lukitukset ovat napsahtaneet paikoilleen.<\/p>\n<\/li>\n<li>\n<p data-path-to-node=\"22,2,0\">Ole varovainen kokoamisen ja avaamisen yhteydess\u00e4 \u2013 \u00e4l\u00e4 laita sormia saranoiden ja liitoskohtien v\u00e4liin.<\/p>\n<\/li>\n<li>\n<p data-path-to-node=\"22,3,0\">\u00c4l\u00e4 ylit\u00e4 maksimaalista kantavuutta (120 kg).<\/p>\n<\/li>\n<li>\n<p data-path-to-node=\"22,4,0\">Tuoli on tarkoitettu yhden henkil\u00f6n lepoon kerrallaan \u2013 \u00e4l\u00e4 hypi sen p\u00e4\u00e4ll\u00e4, \u00e4l\u00e4 seiso istuimella \u00e4l\u00e4k\u00e4 keinu tuolin jaloilla.<\/p>\n<\/li>\n<li>\n<p data-path-to-node=\"22,5,0\">V\u00e4lt\u00e4 tuolin k\u00e4ytt\u00f6\u00e4 eritt\u00e4in liukkaalla, kaltevalla tai liian pehme\u00e4ll\u00e4 pinnalla, jossa se voi kaatua.<\/p>\n<\/li>\n<li>\n<p data-path-to-node=\"22,6,0\">Kovan tuulen tai myrskyn sattuessa taita puutarhatuoli kasaan ja siirr\u00e4 se suojaan.<\/p>\n<\/li>\n<li>\n<p data-path-to-node=\"22,7,0\">V\u00e4lt\u00e4 kosketusta ter\u00e4viin esineisiin, kuumiin pintoihin ja avotuleen.<\/p>\n<\/li>\n<li>\n<p data-path-to-node=\"22,8,0\">Tarkista ruuvit, niitit ja taittomekanismit s\u00e4\u00e4nn\u00f6llisesti ja kirist\u00e4 niit\u00e4 tarvittaessa.<\/p>\n<\/li>\n<\/ul>\n","protected":false},"excerpt":{"rendered":"<p>Kokoonpantava puutarhatuoli ja aurinkotuoli TRIZAND \u2013 oma rentoutumisalueesi Haluatko rentoutua mukavasti puutarhassasi, terassillasi tai telttaillessasi, mutta tavalliset rantatuolit tuntuvat liian kovilta ja ep\u00e4mukavilta? Tunnetun puolalaisen TRIZAND-merkin kokoonpantava aurinkotuoli on luotu juuri sinulle. Paksun irrotettavan pehmusteen ansiosta se tarjoaa pehme\u00e4n ja tasaisen tuen koko vartalolle, mahdollistaen asennon s\u00e4\u00e4t\u00e4misen juuri sellaiseksi kuin rentoutumiseen tarvitset. Miksi valita TRIZAND [&hellip;]<\/p>\n","protected":false},"featured_media":58463,"template":"","meta":{"_acf_changed":false,"_seopress_robots_primary_cat":"","_seopress_titles_title":"Kokoonpantava puutarhatuoli pehmusteella TRIZAND | Agrozone.fi","_seopress_titles_desc":"Etsitk\u00f6 mukavuutta? Tukeva ja kokoonpantava Trizand-puutarhatuoli tarjoaa 4 asentoa, pehme\u00e4n konepest\u00e4v\u00e4n pehmusteen ja kest\u00e4\u00e4 jopa 120 kg. Tilaa Agrozoniesta!  ","_seopress_robots_index":"","_gspb_post_css":""},"product_brand":[],"product_cat":[2392],"product_tag":[],"class_list":{"0":"post-58461","1":"product","2":"type-product","3":"status-publish","4":"has-post-thumbnail","6":"product_cat-kaikki-luokat","8":"first","9":"instock","10":"taxable","11":"shipping-taxable","12":"purchasable","13":"product-type-simple"},"ct_brands":[],"acf":[],"_links":{"self":[{"href":"https:\/\/agrozone.ee\/fi\/wp-json\/wp\/v2\/product\/58461","targetHints":{"allow":["GET"]}}],"collection":[{"href":"https:\/\/agrozone.ee\/fi\/wp-json\/wp\/v2\/product"}],"about":[{"href":"https:\/\/agrozone.ee\/fi\/wp-json\/wp\/v2\/types\/product"}],"wp:featuredmedia":[{"embeddable":true,"href":"https:\/\/agrozone.ee\/fi\/wp-json\/wp\/v2\/media\/58463"}],"wp:attachment":[{"href":"https:\/\/agrozone.ee\/fi\/wp-json\/wp\/v2\/media?parent=58461"}],"wp:term":[{"taxonomy":"product_brand","embeddable":true,"href":"https:\/\/agrozone.ee\/fi\/wp-json\/wp\/v2\/product_brand?post=58461"},{"taxonomy":"product_cat","embeddable":true,"href":"https:\/\/agrozone.ee\/fi\/wp-json\/wp\/v2\/product_cat?post=58461"},{"taxonomy":"product_tag","embeddable":true,"href":"https:\/\/agrozone.ee\/fi\/wp-json\/wp\/v2\/product_tag?post=58461"}],"curies":[{"name":"wp","href":"https:\/\/api.w.org\/{rel}","templated":true}]}}