{"id":58499,"date":"2026-04-07T14:15:14","date_gmt":"2026-04-07T12:15:14","guid":{"rendered":"https:\/\/agrozone.ee\/toode\/kannettava-wc\/"},"modified":"2026-04-07T14:15:14","modified_gmt":"2026-04-07T12:15:14","slug":"kannettava-wc","status":"publish","type":"product","link":"https:\/\/agrozone.ee\/fi\/tuote\/kannettava-wc\/","title":{"rendered":"Kannettava WC"},"content":{"rendered":"<h2 data-path-to-node=\"11\">Kannettava WC Trizand \u2013 mukavuutta ja hygieniaa joka tilanteeseen<\/h2>\n<p data-path-to-node=\"12\"><b data-path-to-node=\"12\" data-index-in-node=\"0\">Trizand-modulaarinen matkak\u00e4ym\u00e4l\u00e4<\/b> on k\u00e4yt\u00e4nn\u00f6llinen ja toimiva ratkaisu, joka takaa mukavuuden niin matkoilla, telttaillessa, m\u00f6kill\u00e4 kuin odottamattomissa h\u00e4t\u00e4tilanteissa. Kahdesta erillisest\u00e4 s\u00e4ili\u00f6st\u00e4 (vesi- ja j\u00e4tes\u00e4ili\u00f6) koostuva j\u00e4rjestelm\u00e4 takaa maksimaalisen hygienian ja hajuttomuuden sijainnistasi riippumatta. <\/p>\n<h3 data-path-to-node=\"13\">Tuotteen t\u00e4rkeimm\u00e4t edut:<\/h3>\n<ul data-path-to-node=\"14\">\n<li>\n<p data-path-to-node=\"14,0,0\"><b data-path-to-node=\"14,0,0\" data-index-in-node=\"0\">12 litran vesis\u00e4ili\u00f6 ja tehokas huuhteluj\u00e4rjestelm\u00e4:<\/b> Yl\u00e4osa toimii vesis\u00e4ili\u00f6n\u00e4, joka mahdollistaa j\u00e4tteiden huuhtelun useita kertoja. Huuhteluvesi pumpataan vasemmalla olevalla k\u00e4sipumpulla. Suuren keskiaukon ja liikkuvan venttiilin ansiosta j\u00e4tteet siirtyv\u00e4t sujuvasti alas\u00e4ili\u00f6\u00f6n, mik\u00e4 est\u00e4\u00e4 ep\u00e4miellytt\u00e4vien hajujen levi\u00e4misen. Oikealla puolella on k\u00e4tev\u00e4 kierrett\u00e4v\u00e4 aukko veden ja saniteettinesteiden lis\u00e4\u00e4mist\u00e4 varten.   <\/p>\n<\/li>\n<li>\n<p data-path-to-node=\"14,1,0\"><b data-path-to-node=\"14,1,0\" data-index-in-node=\"0\">Tilava ja tiivis 20 litran j\u00e4tes\u00e4ili\u00f6:<\/b> Alaosa on suunniteltu pitk\u00e4aikaiseen k\u00e4ytt\u00f6\u00f6n ilman jatkuvaa tyhjennystarvetta. S\u00e4ili\u00f6 on tiiviisti suljettava ja varustettu silikonigeelill\u00e4 tiivistetyll\u00e4 luukulla, joka est\u00e4\u00e4 vuodot. Tyhjennys on tehty eritt\u00e4in hygieeniseksi takana olevan tiivistetyn korkillisen poistoaukon ja k\u00e4tev\u00e4n kantokahvan ansionsta.  <\/p>\n<\/li>\n<li>\n<p data-path-to-node=\"14,2,0\"><b data-path-to-node=\"14,2,0\" data-index-in-node=\"0\">Kompakti muotoilu ja suuri kantavuus:<\/b> Vain 4,3 kg painava siirrett\u00e4v\u00e4 WC on helppo kuljettaa ja varastoida. Keveydest\u00e4\u00e4n huolimatta WC on eritt\u00e4in vakaa ja kest\u00e4\u00e4 jopa <b data-path-to-node=\"14,2,0\" data-index-in-node=\"190\">150 kg:n<\/b> kuormituksen. Korkealaatuisesta HDPE-materiaalista valmistettu runko kest\u00e4\u00e4 mekaanisia vaurioita ja s\u00e4\u00e4olosuhteita.  <\/p>\n<\/li>\n<\/ul>\n<h3 data-path-to-node=\"15\">Monipuoliset k\u00e4ytt\u00f6mahdollisuudet<\/h3>\n<p data-path-to-node=\"16\">T\u00e4m\u00e4 kannettava WC on korvaamaton apu monissa tilanteissa. Se sopii t\u00e4ydellisesti telttailuun, veneisiin, asuntovaunuihin tai rakennusty\u00f6maille. Se on my\u00f6s pelastus kodin viem\u00e4rih\u00e4iri\u00f6iden sattuessa tai paikoissa, joissa ei ole kiinte\u00e4\u00e4 k\u00e4ym\u00e4l\u00e4\u00e4.  <\/p>\n<h3 data-path-to-node=\"17\">Tekniset tiedot:<\/h3>\n<ul data-path-to-node=\"18\">\n<li>\n<p data-path-to-node=\"18,0,0\"><b data-path-to-node=\"18,0,0\" data-index-in-node=\"0\">V\u00e4ri:<\/b> Harmaa<\/p>\n<\/li>\n<li>\n<p data-path-to-node=\"18,1,0\"><b data-path-to-node=\"18,1,0\" data-index-in-node=\"0\">Materiaali:<\/b> HDPE, ABS, PP, kumi<\/p>\n<\/li>\n<li>\n<p data-path-to-node=\"18,2,0\"><b data-path-to-node=\"18,2,0\" data-index-in-node=\"0\">J\u00e4tes\u00e4ili\u00f6n tilavuus:<\/b> 20 litraa<\/p>\n<\/li>\n<li>\n<p data-path-to-node=\"18,3,0\"><b data-path-to-node=\"18,3,0\" data-index-in-node=\"0\">Vesis\u00e4ili\u00f6n tilavuus:<\/b> 12 litraa<\/p>\n<\/li>\n<li>\n<p data-path-to-node=\"18,4,0\"><b data-path-to-node=\"18,4,0\" data-index-in-node=\"0\">Maksimaalinen kantavuus:<\/b> 150 kg<\/p>\n<\/li>\n<li>\n<p data-path-to-node=\"18,5,0\"><b data-path-to-node=\"18,5,0\" data-index-in-node=\"0\">Mitat:<\/b> 42,5 x 34,5 x 43 cm<\/p>\n<\/li>\n<li>\n<p data-path-to-node=\"18,6,0\"><b data-path-to-node=\"18,6,0\" data-index-in-node=\"0\">Istuinosan sis\u00e4mitat:<\/b> 25,5 x 22 cm<\/p>\n<\/li>\n<li>\n<p data-path-to-node=\"18,7,0\"><b data-path-to-node=\"18,7,0\" data-index-in-node=\"0\">Paino:<\/b> 4,3 kg (pakkauksen kanssa 5,1 kg)<\/p>\n<\/li>\n<\/ul>\n<h3 data-path-to-node=\"19\">Puhdistus ja huolto<\/h3>\n<p data-path-to-node=\"20\">Matkak\u00e4ym\u00e4l\u00f6iden kanssa suosittelemme k\u00e4ytt\u00e4m\u00e4\u00e4n erityisi\u00e4 saniteettinesteit\u00e4, jotka auttavat yll\u00e4pit\u00e4m\u00e4\u00e4n hygieniaa, hajottamaan j\u00e4tteit\u00e4 ja poistamaan ep\u00e4miellytt\u00e4vi\u00e4 hajuja. Puhdista ja desinfioi WC s\u00e4\u00e4nn\u00f6llisesti bakteerien levi\u00e4misen est\u00e4miseksi. Tarkista tiivisteet ja liitokset ajoittain varmistaaksesi j\u00e4rjestelm\u00e4n t\u00e4ydellisen tiiviyden.  <\/p>\n<blockquote data-path-to-node=\"21\">\n<p data-path-to-node=\"21,0\"><b data-path-to-node=\"21,0\" data-index-in-node=\"0\">T\u00e4rkeit\u00e4 turvallisuusohjeita:<\/b> &gt; * K\u00e4yt\u00e4 tuotetta vain sen k\u00e4ytt\u00f6tarkoitukseen.<\/p>\n<ul data-path-to-node=\"21,1\">\n<li>\n<p data-path-to-node=\"21,1,0,0\">Aseta WC aina tasaiselle ja vakaalle alustalle. K\u00e4ytt\u00f6 ep\u00e4tasaisella pinnalla voi aiheuttaa kaatumisen. <\/p>\n<\/li>\n<li>\n<p data-path-to-node=\"21,1,1,0\">Istu aina istuinosalle. Istuminen suoraan huuhtelus\u00e4ili\u00f6n reunalla voi vahingoittaa k\u00e4ym\u00e4l\u00e4\u00e4. <\/p>\n<\/li>\n<li>\n<p data-path-to-node=\"21,1,2,0\">WC:n p\u00e4\u00e4ll\u00e4 seisominen tai siihen nojaaminen on kielletty.<\/p>\n<\/li>\n<li>\n<p data-path-to-node=\"21,1,3,0\">\u00c4l\u00e4 k\u00e4yt\u00e4 WC:t\u00e4, jos huomaat vaurioita \u2013 korjaa tai vaihda kuluneet osat ennen seuraavaa k\u00e4ytt\u00f6\u00e4.<\/p>\n<\/li>\n<\/ul>\n<\/blockquote>\n","protected":false},"excerpt":{"rendered":"<p>Kannettava WC Trizand \u2013 mukavuutta ja hygieniaa joka tilanteeseen Trizand-modulaarinen matkak\u00e4ym\u00e4l\u00e4 on k\u00e4yt\u00e4nn\u00f6llinen ja toimiva ratkaisu, joka takaa mukavuuden niin matkoilla, telttaillessa, m\u00f6kill\u00e4 kuin odottamattomissa h\u00e4t\u00e4tilanteissa. Kahdesta erillisest\u00e4 s\u00e4ili\u00f6st\u00e4 (vesi- ja j\u00e4tes\u00e4ili\u00f6) koostuva j\u00e4rjestelm\u00e4 takaa maksimaalisen hygienian ja hajuttomuuden sijainnistasi riippumatta. Tuotteen t\u00e4rkeimm\u00e4t edut: 12 litran vesis\u00e4ili\u00f6 ja tehokas huuhteluj\u00e4rjestelm\u00e4: Yl\u00e4osa toimii vesis\u00e4ili\u00f6n\u00e4, joka mahdollistaa [&hellip;]<\/p>\n","protected":false},"featured_media":58502,"template":"","meta":{"_acf_changed":false,"_seopress_robots_primary_cat":"","_seopress_titles_title":"Kannettava WC Trizand 24498 (20 l) | Matka-WC | Agrozone","_seopress_titles_desc":"Etsitk\u00f6 mukavaa ratkaisua telttaretkelle tai m\u00f6kille? Kompakti ja tiivis kannettava WC Trizand (20 l j\u00e4tes\u00e4ili\u00f6). Tilaa helposti Agrozone-verkkokaupasta!  ","_seopress_robots_index":"","_gspb_post_css":""},"product_brand":[],"product_cat":[2392,2363],"product_tag":[],"class_list":{"0":"post-58499","1":"product","2":"type-product","3":"status-publish","4":"has-post-thumbnail","6":"product_cat-kaikki-luokat","7":"product_cat-puutarhatarvikkeet","9":"first","10":"instock","11":"taxable","12":"shipping-taxable","13":"purchasable","14":"product-type-simple"},"ct_brands":[],"acf":[],"_links":{"self":[{"href":"https:\/\/agrozone.ee\/fi\/wp-json\/wp\/v2\/product\/58499","targetHints":{"allow":["GET"]}}],"collection":[{"href":"https:\/\/agrozone.ee\/fi\/wp-json\/wp\/v2\/product"}],"about":[{"href":"https:\/\/agrozone.ee\/fi\/wp-json\/wp\/v2\/types\/product"}],"wp:featuredmedia":[{"embeddable":true,"href":"https:\/\/agrozone.ee\/fi\/wp-json\/wp\/v2\/media\/58502"}],"wp:attachment":[{"href":"https:\/\/agrozone.ee\/fi\/wp-json\/wp\/v2\/media?parent=58499"}],"wp:term":[{"taxonomy":"product_brand","embeddable":true,"href":"https:\/\/agrozone.ee\/fi\/wp-json\/wp\/v2\/product_brand?post=58499"},{"taxonomy":"product_cat","embeddable":true,"href":"https:\/\/agrozone.ee\/fi\/wp-json\/wp\/v2\/product_cat?post=58499"},{"taxonomy":"product_tag","embeddable":true,"href":"https:\/\/agrozone.ee\/fi\/wp-json\/wp\/v2\/product_tag?post=58499"}],"curies":[{"name":"wp","href":"https:\/\/api.w.org\/{rel}","templated":true}]}}