{"id":58520,"date":"2026-04-17T07:30:33","date_gmt":"2026-04-17T05:30:33","guid":{"rendered":"https:\/\/agrozone.ee\/toode\/vihannessuomuruoho\/"},"modified":"2026-04-17T07:30:33","modified_gmt":"2026-04-17T05:30:33","slug":"vihannessuomuruoho","status":"publish","type":"product","link":"https:\/\/agrozone.ee\/fi\/tuote\/vihannessuomuruoho\/","title":{"rendered":"Vihannessuomuruoho"},"content":{"rendered":"<h2 data-path-to-node=\"7\">Luomu Vihannessuomuruohon Versot \u2013 Id\u00e4tystuotteiden kiistaton klassikko<\/h2>\n<p data-path-to-node=\"8\">L\u00f6yd\u00e4 todellinen tuoreuden ja maun symboli! Vihannessuomuruoho on tunnettu vuosisatoja korvaamattomana maustekasvina, ja se on tuoreiden itujen ja versojen joukossa varma klassikko. N\u00e4iden pienten vihreiden lehtien takana piilee yll\u00e4tt\u00e4v\u00e4n voimakas, ter\u00e4v\u00e4 ja mausteinen maku, joka her\u00e4tt\u00e4\u00e4 jokaisen aterian eloon.  <\/p>\n<p data-path-to-node=\"9\"><b data-path-to-node=\"9\" data-index-in-node=\"0\">Miss\u00e4 mausteista vihannessuomuruohoa k\u00e4ytet\u00e4\u00e4n?<\/b> Vihannessuomuruohon versot ovat monik\u00e4ytt\u00f6isi\u00e4 maustajia. Luonteenomaisella s\u00e4h\u00e4kkyydell\u00e4\u00e4n ne ovat erinomainen lis\u00e4 moniin ruokiin: <\/p>\n<ul data-path-to-node=\"10\">\n<li>\n<p data-path-to-node=\"10,0,0\">Klassisena ja terveellisen\u00e4 <b data-path-to-node=\"10,0,0\" data-index-in-node=\"27\">voileiv\u00e4n p\u00e4\u00e4llisen\u00e4<\/b><\/p>\n<\/li>\n<li>\n<p data-path-to-node=\"10,1,0\">Tuoreutta antavana ainesosana <b data-path-to-node=\"10,1,0\" data-index-in-node=\"28\">salaateissa<\/b><\/p>\n<\/li>\n<li>\n<p data-path-to-node=\"10,2,0\">Sekoitettuna kermaisiin <b data-path-to-node=\"10,2,0\" data-index-in-node=\"22\">rahkaruokiin<\/b> ja dippeihin<\/p>\n<\/li>\n<li>\n<p data-path-to-node=\"10,3,0\">Viimeisen\u00e4 silauksena l\u00e4mpimien <b data-path-to-node=\"10,3,0\" data-index-in-node=\"24\">keittojen<\/b> p\u00e4\u00e4ll\u00e4<\/p>\n<\/li>\n<\/ul>\n<h3 data-path-to-node=\"11\">Helppo ja nopea kasvatus<\/h3>\n<p data-path-to-node=\"12\">Vihannessuomuruohon kasvatus onnistuu jokaiselta ja tarjoaa silm\u00e4nruokaa sek\u00e4 makuel\u00e4myksi\u00e4 suoraan ikkunalaudaltasi. Toisin kuin monet muut kasvit, vihannessuomuruohon versot kasvavat eritt\u00e4in nopeasti: <\/p>\n<ol start=\"1\" data-path-to-node=\"13\">\n<li>\n<p data-path-to-node=\"13,0,0\"><b data-path-to-node=\"13,0,0\" data-index-in-node=\"0\">Kastelu:<\/b> Huolehdi siit\u00e4, ett\u00e4 siemenet saavat riitt\u00e4v\u00e4sti kosteutta. Huuhtele tai sumuta niit\u00e4 puhtaalla vedell\u00e4 s\u00e4\u00e4nn\u00f6llisesti, suositeltavasti 2\u20133 kertaa p\u00e4iv\u00e4ss\u00e4. <\/p>\n<\/li>\n<li>\n<p data-path-to-node=\"13,1,0\"><b data-path-to-node=\"13,1,0\" data-index-in-node=\"0\">Sijainti:<\/b> Pid\u00e4 id\u00e4tysastia valoisassa paikassa, esimerkiksi puolivarjoisella ikkunalaudalla, jossa l\u00e4mp\u00f6tila on miellytt\u00e4v\u00e4n l\u00e4mmin.<\/p>\n<\/li>\n<li>\n<p data-path-to-node=\"13,2,0\"><b data-path-to-node=\"13,2,0\" data-index-in-node=\"0\">Nopea tulos:<\/b> Vihre\u00e4 vitamiinipommi on valmis sy\u00f6t\u00e4v\u00e4ksi jo <b data-path-to-node=\"13,2,0\" data-index-in-node=\"68\">5\u201310 p\u00e4iv\u00e4n<\/b> kuluttua kylv\u00f6st\u00e4! Leikkaa vain saksilla sopiva m\u00e4\u00e4r\u00e4 ja nauti. <\/p>\n<\/li>\n<\/ol>\n<h3 data-path-to-node=\"14\">Tuotteen tarkat tiedot<\/h3>\n<ul data-path-to-node=\"15\">\n<li>\n<p data-path-to-node=\"15,0,0\"><b data-path-to-node=\"15,0,0\" data-index-in-node=\"0\">Kasvitieteellinen nimi:<\/b> <i data-path-to-node=\"15,0,0\" data-index-in-node=\"21\">Lepidium sativum<\/i><\/p>\n<\/li>\n<li>\n<p data-path-to-node=\"15,1,0\"><b data-path-to-node=\"15,1,0\" data-index-in-node=\"0\">Sertifikaatti:<\/b> Luomutuote (DE-\u00d6KO-013)<\/p>\n<\/li>\n<li>\n<p data-path-to-node=\"15,2,0\"><b data-path-to-node=\"15,2,0\" data-index-in-node=\"0\">Kylv\u00f6- ja satoaika:<\/b> Ihanteellinen ymp\u00e4rivuotiseen kasvatukseen (tammikuusta joulukuuhun)<\/p>\n<\/li>\n<li>\n<p data-path-to-node=\"15,3,0\"><b data-path-to-node=\"15,3,0\" data-index-in-node=\"0\">It\u00e4misaika:<\/b> 5\u201310 p\u00e4iv\u00e4\u00e4<\/p>\n<\/li>\n<li>\n<p data-path-to-node=\"15,4,0\"><b data-path-to-node=\"15,4,0\" data-index-in-node=\"0\">Optimaalinen it\u00e4misl\u00e4mp\u00f6tila:<\/b> 18\u201322 \u00b0C<\/p>\n<\/li>\n<li>\n<p data-path-to-node=\"15,5,0\"><b data-path-to-node=\"15,5,0\" data-index-in-node=\"0\">Kasvupaikka:<\/b> Puolivarjo (suojattuna suoralta paahtavalta auringolta)<\/p>\n<\/li>\n<li>\n<p data-path-to-node=\"15,6,0\"><b data-path-to-node=\"15,6,0\" data-index-in-node=\"0\">Siementyyppi:<\/b> Vapaap\u00f6lytteiset siemenet (ei F1-hybridi)<\/p>\n<\/li>\n<li>\n<p data-path-to-node=\"15,7,0\"><b data-path-to-node=\"15,7,0\" data-index-in-node=\"0\">K\u00e4ytt\u00f6:<\/b> Tarkoitettu v\u00e4litt\u00f6m\u00e4\u00e4n ja tuoreeseen k\u00e4ytt\u00f6\u00f6n<\/p>\n<\/li>\n<li>\n<p data-path-to-node=\"15,8,0\"><b data-path-to-node=\"15,8,0\" data-index-in-node=\"0\">Talvenkest\u00e4vyys:<\/b> Ei talvenkest\u00e4v\u00e4<\/p>\n<\/li>\n<\/ul>\n","protected":false},"excerpt":{"rendered":"<ul>\n<li>Vihannessuomuruoho on tunnettu mausteena vuosisatoja.<\/li>\n<li>Se on klassikko tuoreiden itujen joukossa.<\/li>\n<li>Vihannessuomuruohon iduilla on ter\u00e4v\u00e4, pippurinen maku ja ne sopivat ihanteellisesti salaatteihin, rahkaruokiin, keittoihin tai vain leiv\u00e4n p\u00e4\u00e4lle.<\/li>\n<\/ul>\n","protected":false},"featured_media":58522,"template":"","meta":{"_acf_changed":false,"_seopress_robots_primary_cat":"","_seopress_titles_title":"Luomu Vihannessuomuruohon Versot ja Id\u00e4tyssiemenet | Agrozone.fi","_seopress_titles_desc":"Etsitk\u00f6 potkua voileiv\u00e4lle? Kasvata kotona luonnonmukaisia ja mausteisia vihannessuomuruohon versoja. Sato valmis 5\u201310 p\u00e4iv\u00e4ss\u00e4. Tilaa laadukkaat siemenet Agrozonen verkkokaupasta!   ","_seopress_robots_index":"","_gspb_post_css":""},"product_brand":[],"product_cat":[2392,2997,2419,2399,2401],"product_tag":[],"class_list":{"0":"post-58520","1":"product","2":"type-product","3":"status-publish","4":"has-post-thumbnail","6":"product_cat-kaikki-luokat","7":"product_cat-mikroversot-idatykseen","8":"product_cat-salaatit-ja-muut","9":"product_cat-siemenet","10":"product_cat-vihanneksien-siemenet","12":"first","13":"instock","14":"taxable","15":"shipping-taxable","16":"purchasable","17":"product-type-simple"},"ct_brands":[],"acf":[],"_links":{"self":[{"href":"https:\/\/agrozone.ee\/fi\/wp-json\/wp\/v2\/product\/58520","targetHints":{"allow":["GET"]}}],"collection":[{"href":"https:\/\/agrozone.ee\/fi\/wp-json\/wp\/v2\/product"}],"about":[{"href":"https:\/\/agrozone.ee\/fi\/wp-json\/wp\/v2\/types\/product"}],"wp:featuredmedia":[{"embeddable":true,"href":"https:\/\/agrozone.ee\/fi\/wp-json\/wp\/v2\/media\/58522"}],"wp:attachment":[{"href":"https:\/\/agrozone.ee\/fi\/wp-json\/wp\/v2\/media?parent=58520"}],"wp:term":[{"taxonomy":"product_brand","embeddable":true,"href":"https:\/\/agrozone.ee\/fi\/wp-json\/wp\/v2\/product_brand?post=58520"},{"taxonomy":"product_cat","embeddable":true,"href":"https:\/\/agrozone.ee\/fi\/wp-json\/wp\/v2\/product_cat?post=58520"},{"taxonomy":"product_tag","embeddable":true,"href":"https:\/\/agrozone.ee\/fi\/wp-json\/wp\/v2\/product_tag?post=58520"}],"curies":[{"name":"wp","href":"https:\/\/api.w.org\/{rel}","templated":true}]}}