{"id":58524,"date":"2026-04-17T07:42:40","date_gmt":"2026-04-17T05:42:40","guid":{"rendered":"https:\/\/agrozone.ee\/toode\/siemensekoitus-idatykseen-mausteinen\/"},"modified":"2026-04-17T07:42:40","modified_gmt":"2026-04-17T05:42:40","slug":"siemensekoitus-idatykseen-mausteinen","status":"publish","type":"product","link":"https:\/\/agrozone.ee\/fi\/tuote\/siemensekoitus-idatykseen-mausteinen\/","title":{"rendered":"Siemensekoitus id\u00e4tykseen, mausteinen"},"content":{"rendered":"<h2 data-path-to-node=\"7\">Luomu Id\u00e4tyssiemensekoitus &#8220;Pikantti&#8221; \u2013 Pirte\u00e4 makuel\u00e4mys<\/h2>\n<p data-path-to-node=\"8\">Haluatko, ett\u00e4 terveellinen ruokap\u00f6yt\u00e4si on kaikkea muuta kuin tyls\u00e4? T\u00e4m\u00e4 luomusertifioitu &#8220;Pikantti&#8221;-itusekoitus on luotu niille, jotka arvostavat ruoassa luonnetta! Kevyen mausteinen ja miellytt\u00e4v\u00e4n ter\u00e4v\u00e4 makumaailma tekee n\u00e4ist\u00e4 iduista t\u00e4ydellisen lisukkeen, joka her\u00e4tt\u00e4\u00e4 makuaistit.  <\/p>\n<p data-path-to-node=\"9\"><b data-path-to-node=\"9\" data-index-in-node=\"0\">Mik\u00e4 tekee t\u00e4st\u00e4 sekoituksesta niin erityisen?<\/b> Huolellisesti valitut suhteet varmistavat, ettei mausteisuus peit\u00e4 itujen tuoreutta, vaan t\u00e4ydent\u00e4\u00e4 sit\u00e4 t\u00e4ydellisesti. Pakkauksesta l\u00f6yd\u00e4t: <\/p>\n<ul data-path-to-node=\"10\">\n<li>\n<p data-path-to-node=\"10,0,0\"><b data-path-to-node=\"10,0,0\" data-index-in-node=\"0\">40 % Mungpapuja<\/b> \u2013 tarjoavat tasapainottavaa miedoutta ja mehukasta rakennetta<\/p>\n<\/li>\n<li>\n<p data-path-to-node=\"10,1,0\"><b data-path-to-node=\"10,1,0\" data-index-in-node=\"0\">20 % Retiisin siemeni\u00e4<\/b> \u2013 lis\u00e4\u00e4v\u00e4t tuntuvan, raikkaan ter\u00e4v\u00e4n vivahteen<\/p>\n<\/li>\n<li>\n<p data-path-to-node=\"10,2,0\"><b data-path-to-node=\"10,2,0\" data-index-in-node=\"0\">20 % Linssej\u00e4<\/b> \u2013 tuovat sekoitukseen ruokaisuutta ja rikasta pohjamakua<\/p>\n<\/li>\n<li>\n<p data-path-to-node=\"10,3,0\"><b data-path-to-node=\"10,3,0\" data-index-in-node=\"0\">20 % Sinapin siemeni\u00e4<\/b> \u2013 antavat sen oikean l\u00e4mmitt\u00e4v\u00e4n ja pikantin loppusilauksen<\/p>\n<\/li>\n<\/ul>\n<p data-path-to-node=\"11\">Kokeile n\u00e4it\u00e4 pirteit\u00e4 ituja aasialaisissa ruoissa, lihan lisukkeena, ruokaisilla voileivill\u00e4 tai dippikastikkeisiin sekoitettuna!<\/p>\n<h3 data-path-to-node=\"12\">Mausteisten itujen kasvatus kotona<\/h3>\n<p data-path-to-node=\"13\">Pikanttienkin itujen kasvattaminen on erityisen id\u00e4tysastian avulla vaivatonta ja nopeaa:<\/p>\n<ol start=\"1\" data-path-to-node=\"14\">\n<li>\n<p data-path-to-node=\"14,0,0\"><b data-path-to-node=\"14,0,0\" data-index-in-node=\"0\">Annostelu:<\/b> Ota yksi tasainen ruokalusikallinen siemensekoitusta ja levit\u00e4 se tasaiseksi kerrokseksi id\u00e4tysastian pohjalle.<\/p>\n<\/li>\n<li>\n<p data-path-to-node=\"14,1,0\"><b data-path-to-node=\"14,1,0\" data-index-in-node=\"0\">Ensimm\u00e4inen huuhtelu:<\/b> Kaada siementen p\u00e4\u00e4lle huoneenl\u00e4mp\u00f6ist\u00e4 vett\u00e4. On eritt\u00e4in t\u00e4rke\u00e4\u00e4 antaa kaiken veden valua pois venttiilin kautta liiallisen kosteuden v\u00e4ltt\u00e4miseksi. <\/p>\n<\/li>\n<li>\n<p data-path-to-node=\"14,2,0\"><b data-path-to-node=\"14,2,0\" data-index-in-node=\"0\">Kasvuolosuhteet:<\/b> Peit\u00e4 astia kannella ja valitse sille valoisa paikka (esimerkiksi keitti\u00f6n taso), johon ei paista suora aurinko.<\/p>\n<\/li>\n<li>\n<p data-path-to-node=\"14,3,0\"><b data-path-to-node=\"14,3,0\" data-index-in-node=\"0\">Hoito:<\/b> Jotta sinappi ja retiisi kehittyisiv\u00e4t hyvin, huuhtele itusilmut huolellisesti 2\u20133 kertaa p\u00e4iv\u00e4ss\u00e4.<\/p>\n<\/li>\n<li>\n<p data-path-to-node=\"14,4,0\"><b data-path-to-node=\"14,4,0\" data-index-in-node=\"0\">Sadonkorjuu:<\/b> Pirte\u00e4 vihre\u00e4 lisukkeesi on valmis nautittavaksi eritt\u00e4in nopeasti \u2013 jo <b data-path-to-node=\"14,4,0\" data-index-in-node=\"88\">3\u20135 p\u00e4iv\u00e4n<\/b> kuluttua!<\/p>\n<\/li>\n<\/ol>\n<h3 data-path-to-node=\"15\">Tarkat tuotetiedot<\/h3>\n<ul data-path-to-node=\"16\">\n<li>\n<p data-path-to-node=\"16,0,0\"><b data-path-to-node=\"16,0,0\" data-index-in-node=\"0\">Kasvitieteellinen nimi:<\/b> Siemensekoitus<\/p>\n<\/li>\n<li>\n<p data-path-to-node=\"16,1,0\"><b data-path-to-node=\"16,1,0\" data-index-in-node=\"0\">Sertifikaatti:<\/b> Luomutuote (DE-\u00d6KO-013)<\/p>\n<\/li>\n<li>\n<p data-path-to-node=\"16,2,0\"><b data-path-to-node=\"16,2,0\" data-index-in-node=\"0\">Kylv\u00f6- ja satoaika:<\/b> Kylv\u00e4 ymp\u00e4ri vuoden (tammikuusta joulukuuhun)<\/p>\n<\/li>\n<li>\n<p data-path-to-node=\"16,3,0\"><b data-path-to-node=\"16,3,0\" data-index-in-node=\"0\">It\u00e4misaika:<\/b> 3\u20135 p\u00e4iv\u00e4\u00e4<\/p>\n<\/li>\n<li>\n<p data-path-to-node=\"16,4,0\"><b data-path-to-node=\"16,4,0\" data-index-in-node=\"0\">Optimaalinen it\u00e4misl\u00e4mp\u00f6tila:<\/b> 18\u201322 \u00b0C<\/p>\n<\/li>\n<li>\n<p data-path-to-node=\"16,5,0\"><b data-path-to-node=\"16,5,0\" data-index-in-node=\"0\">Kasvupaikka:<\/b> Puolivarjo (v\u00e4lt\u00e4 suoraa auringonvaloa)<\/p>\n<\/li>\n<li>\n<p data-path-to-node=\"16,6,0\"><b data-path-to-node=\"16,6,0\" data-index-in-node=\"0\">Siementyyppi:<\/b> Vapaap\u00f6lytteiset siemenet (ei F1-hybridi)<\/p>\n<\/li>\n<li>\n<p data-path-to-node=\"16,7,0\"><b data-path-to-node=\"16,7,0\" data-index-in-node=\"0\">K\u00e4ytt\u00f6:<\/b> Tuorek\u00e4ytt\u00f6\u00f6n<\/p>\n<\/li>\n<li>\n<p data-path-to-node=\"16,8,0\"><b data-path-to-node=\"16,8,0\" data-index-in-node=\"0\">Talvenkest\u00e4vyys:<\/b> Ei talvenkest\u00e4v\u00e4<\/p>\n<\/li>\n<\/ul>\n","protected":false},"excerpt":{"rendered":"<ul>\n<li>Kevyen mausteinen siemensekoitus.<\/li>\n<\/ul>\n","protected":false},"featured_media":58526,"template":"","meta":{"_acf_changed":false,"_seopress_robots_primary_cat":"none","_seopress_titles_title":"Luomu Mausteinen Itusekoitus \"Pikantti\" | Agrozone.fi","_seopress_titles_desc":"Lis\u00e4\u00e4 ruokaan potkua! Luomu mausteinen itusekoitus (mungpapu, retiisi, linssit, sinappi) on valmis vain 3\u20135 p\u00e4iv\u00e4ss\u00e4. Tilaa pikantit siemenet Agrozonen verkkokaupasta!  ","_seopress_robots_index":"","_gspb_post_css":""},"product_brand":[],"product_cat":[2392,2997,2399],"product_tag":[],"class_list":{"0":"post-58524","1":"product","2":"type-product","3":"status-publish","4":"has-post-thumbnail","6":"product_cat-kaikki-luokat","7":"product_cat-mikroversot-idatykseen","8":"product_cat-siemenet","10":"first","11":"instock","12":"taxable","13":"shipping-taxable","14":"purchasable","15":"product-type-simple"},"ct_brands":[],"acf":[],"_links":{"self":[{"href":"https:\/\/agrozone.ee\/fi\/wp-json\/wp\/v2\/product\/58524","targetHints":{"allow":["GET"]}}],"collection":[{"href":"https:\/\/agrozone.ee\/fi\/wp-json\/wp\/v2\/product"}],"about":[{"href":"https:\/\/agrozone.ee\/fi\/wp-json\/wp\/v2\/types\/product"}],"wp:featuredmedia":[{"embeddable":true,"href":"https:\/\/agrozone.ee\/fi\/wp-json\/wp\/v2\/media\/58526"}],"wp:attachment":[{"href":"https:\/\/agrozone.ee\/fi\/wp-json\/wp\/v2\/media?parent=58524"}],"wp:term":[{"taxonomy":"product_brand","embeddable":true,"href":"https:\/\/agrozone.ee\/fi\/wp-json\/wp\/v2\/product_brand?post=58524"},{"taxonomy":"product_cat","embeddable":true,"href":"https:\/\/agrozone.ee\/fi\/wp-json\/wp\/v2\/product_cat?post=58524"},{"taxonomy":"product_tag","embeddable":true,"href":"https:\/\/agrozone.ee\/fi\/wp-json\/wp\/v2\/product_tag?post=58524"}],"curies":[{"name":"wp","href":"https:\/\/api.w.org\/{rel}","templated":true}]}}