{"id":58530,"date":"2026-04-17T07:35:51","date_gmt":"2026-04-17T05:35:51","guid":{"rendered":"https:\/\/agrozone.ee\/toode\/siemensekoitus-idatykseen-miedon-makuinen\/"},"modified":"2026-04-17T07:35:51","modified_gmt":"2026-04-17T05:35:51","slug":"siemensekoitus-idatykseen-miedon-makuinen","status":"publish","type":"product","link":"https:\/\/agrozone.ee\/fi\/tuote\/siemensekoitus-idatykseen-miedon-makuinen\/","title":{"rendered":"Siemensekoitus id\u00e4tykseen, miedon makuinen"},"content":{"rendered":"<h2 data-path-to-node=\"7\">Luomu Id\u00e4tyssiemensekoitus &#8220;Raikas&#8221; \u2013 T\u00e4ydellinen makujen tasapaino<\/h2>\n<p data-path-to-node=\"8\">Jos et osaa p\u00e4\u00e4tt\u00e4\u00e4 vain yhden idun v\u00e4lill\u00e4, t\u00e4m\u00e4 huolella koottu luomusertifioitu siemensekoitus on luotu juuri sinulle! Harmoninen &#8220;Raikas&#8221;-mix tarjoaa mukavan miedon mutta raikkaan makuel\u00e4myksen, joka tekee jokaisesta ateriasta nautinnon. <\/p>\n<p data-path-to-node=\"9\"><b data-path-to-node=\"9\" data-index-in-node=\"0\">Mit\u00e4 t\u00e4m\u00e4 runsas siemensekoitus sis\u00e4lt\u00e4\u00e4?<\/b>  T\u00e4ss\u00e4 pakkauksessa yhdistyv\u00e4t viiden eri kasvin parhaat ominaisuudet tarjoten maksimaalista tekstuuria ja makua:<\/p>\n<ul data-path-to-node=\"10\">\n<li>\n<p data-path-to-node=\"10,0,0\"><b data-path-to-node=\"10,0,0\" data-index-in-node=\"0\">40 % Mungopapuja<\/b> \u2013 tuovat mehukkuutta ja mukavaa rapeutta<\/p>\n<\/li>\n<li>\n<p data-path-to-node=\"10,1,0\"><b data-path-to-node=\"10,1,0\" data-index-in-node=\"0\">30 % Sinimailasta (alfalfa)<\/b> \u2013 lis\u00e4\u00e4 hienostuneisuutta ja miedon maun<\/p>\n<\/li>\n<li>\n<p data-path-to-node=\"10,2,0\"><b data-path-to-node=\"10,2,0\" data-index-in-node=\"0\">10 % Ruskeita linssej\u00e4<\/b> \u2013 tuovat ruokaisuutta ja p\u00e4hkin\u00e4isen vivahteen<\/p>\n<\/li>\n<li>\n<p data-path-to-node=\"10,3,0\"><b data-path-to-node=\"10,3,0\" data-index-in-node=\"0\">10 % Punaisia linssej\u00e4<\/b> \u2013 kevyen makeita ja hienovaraisia<\/p>\n<\/li>\n<li>\n<p data-path-to-node=\"10,4,0\"><b data-path-to-node=\"10,4,0\" data-index-in-node=\"0\">10 % Retiisi\u00e4<\/b> \u2013 antaa sekoitukselle juuri sopivasti mietoa mausteisuutta<\/p>\n<\/li>\n<\/ul>\n<p data-path-to-node=\"11\">T\u00e4m\u00e4 monipuolinen yhdistelm\u00e4 sopii t\u00e4ydellisesti aamiaisleiv\u00e4lle, vihersmoothieihin, salaattien rikastamiseen tai p\u00e4\u00e4ruokien koristeluun.<\/p>\n<h3 data-path-to-node=\"12\">Miten kasvattaa itusekoitusta?<\/h3>\n<p data-path-to-node=\"13\">Useiden eri siementen id\u00e4tt\u00e4minen yhdess\u00e4 on id\u00e4tysastiassa yht\u00e4 helppoa kuin yhden lajikkeen kasvattaminen. Seuraa n\u00e4it\u00e4 yksinkertaisia vaiheita: <\/p>\n<ol start=\"1\" data-path-to-node=\"14\">\n<li>\n<p data-path-to-node=\"14,0,0\"><b data-path-to-node=\"14,0,0\" data-index-in-node=\"0\">Valmistelu:<\/b> Ota noin 1 ruokalusikallinen siemensekoitusta ja levit\u00e4 se tasaisesti id\u00e4tysastiasi ritil\u00e4lle.<\/p>\n<\/li>\n<li>\n<p data-path-to-node=\"14,1,0\"><b data-path-to-node=\"14,1,0\" data-index-in-node=\"0\">Kastelu:<\/b> Kaada vesi siementen p\u00e4\u00e4lle. Varmista huolellisesti, ett\u00e4 kaikki ylim\u00e4\u00e4r\u00e4inen vesi p\u00e4\u00e4see valumaan pois \u2013 siemenet tarvitsevat kosteutta, mutta ne eiv\u00e4t saa j\u00e4\u00e4d\u00e4 lillumaan veteen. <\/p>\n<\/li>\n<li>\n<p data-path-to-node=\"14,2,0\"><b data-path-to-node=\"14,2,0\" data-index-in-node=\"0\">Ihanteellinen ymp\u00e4rist\u00f6:<\/b> Peit\u00e4 astia kannella. Etsi astialle valoisa, suoralta auringonvalolta suojattu paikka, jossa on tasaisen l\u00e4mmin (optimaalinen l\u00e4mp\u00f6tila 18\u201321 \u00b0C). <\/p>\n<\/li>\n<li>\n<p data-path-to-node=\"14,3,0\"><b data-path-to-node=\"14,3,0\" data-index-in-node=\"0\">P\u00e4ivitt\u00e4inen rutiini:<\/b> Raikasta ituja huuhtelemalla ne puhtaalla vedell\u00e4 2\u20133 kertaa p\u00e4iv\u00e4ss\u00e4.<\/p>\n<\/li>\n<li>\n<p data-path-to-node=\"14,4,0\"><b data-path-to-node=\"14,4,0\" data-index-in-node=\"0\">Nauttiminen:<\/b> Monipuolinen ja vitamiinipitoinen satosi on valmis sy\u00f6t\u00e4v\u00e4ksi vain <b data-path-to-node=\"14,4,0\" data-index-in-node=\"86\">3\u20135 p\u00e4iv\u00e4ss\u00e4<\/b>!<\/p>\n<\/li>\n<\/ol>\n<h3 data-path-to-node=\"15\">Tuotteen tarkemmat tiedot<\/h3>\n<ul data-path-to-node=\"16\">\n<li>\n<p data-path-to-node=\"16,0,0\"><b data-path-to-node=\"16,0,0\" data-index-in-node=\"0\">Kasvitieteellinen nimi:<\/b> Siemensekoitus<\/p>\n<\/li>\n<li>\n<p data-path-to-node=\"16,1,0\"><b data-path-to-node=\"16,1,0\" data-index-in-node=\"0\">Sertifikaatti:<\/b> Luomutuote (DE-\u00d6KO-013)<\/p>\n<\/li>\n<li>\n<p data-path-to-node=\"16,2,0\"><b data-path-to-node=\"16,2,0\" data-index-in-node=\"0\">Kylv\u00f6- ja satoaika:<\/b> Sopii ymp\u00e4rivuotiseen id\u00e4tykseen (tammikuu\u2013joulukuu)<\/p>\n<\/li>\n<li>\n<p data-path-to-node=\"16,3,0\"><b data-path-to-node=\"16,3,0\" data-index-in-node=\"0\">It\u00e4misaika:<\/b> 3\u20135 p\u00e4iv\u00e4\u00e4<\/p>\n<\/li>\n<li>\n<p data-path-to-node=\"16,4,0\"><b data-path-to-node=\"16,4,0\" data-index-in-node=\"0\">Optimaalinen it\u00e4misl\u00e4mp\u00f6tila:<\/b> 18\u201322 \u00b0C<\/p>\n<\/li>\n<li>\n<p data-path-to-node=\"16,5,0\"><b data-path-to-node=\"16,5,0\" data-index-in-node=\"0\">Kasvupaikka:<\/b> Puolivarjo<\/p>\n<\/li>\n<li>\n<p data-path-to-node=\"16,6,0\"><b data-path-to-node=\"16,6,0\" data-index-in-node=\"0\">Siementyyppi:<\/b> Vapaap\u00f6lytteiset siemenet (ei F1-hybridi)<\/p>\n<\/li>\n<li>\n<p data-path-to-node=\"16,7,0\"><b data-path-to-node=\"16,7,0\" data-index-in-node=\"0\">K\u00e4ytt\u00f6:<\/b> Tuorek\u00e4ytt\u00f6\u00f6n<\/p>\n<\/li>\n<li>\n<p data-path-to-node=\"16,8,0\"><b data-path-to-node=\"16,8,0\" data-index-in-node=\"0\">Talvenkest\u00e4vyys:<\/b> Ei talvenkest\u00e4v\u00e4<\/p>\n<\/li>\n<\/ul>\n","protected":false},"excerpt":{"rendered":"<p>Miedon makuinen sekoitus.<\/p>\n","protected":false},"featured_media":58531,"template":"","meta":{"_acf_changed":false,"_seopress_robots_primary_cat":"","_seopress_titles_title":"Luomu Itusekoitus \"Raikas\" \u2013 5 siemenen mix | Agrozone.ee","_seopress_titles_desc":"Kasvata kotona luomuitusekoitusta! Mungopapu, sinimailanen, linssit ja retiisi samassa paketissa. Rapea sato valmis 3\u20135 p\u00e4iv\u00e4ss\u00e4. Tilaa raikkautta Agrozone-verkkokaupasta!   ","_seopress_robots_index":"","_gspb_post_css":""},"product_brand":[],"product_cat":[2392,2997,2399],"product_tag":[],"class_list":{"0":"post-58530","1":"product","2":"type-product","3":"status-publish","4":"has-post-thumbnail","6":"product_cat-kaikki-luokat","7":"product_cat-mikroversot-idatykseen","8":"product_cat-siemenet","10":"first","11":"instock","12":"taxable","13":"shipping-taxable","14":"purchasable","15":"product-type-simple"},"ct_brands":[],"acf":[],"_links":{"self":[{"href":"https:\/\/agrozone.ee\/fi\/wp-json\/wp\/v2\/product\/58530","targetHints":{"allow":["GET"]}}],"collection":[{"href":"https:\/\/agrozone.ee\/fi\/wp-json\/wp\/v2\/product"}],"about":[{"href":"https:\/\/agrozone.ee\/fi\/wp-json\/wp\/v2\/types\/product"}],"wp:featuredmedia":[{"embeddable":true,"href":"https:\/\/agrozone.ee\/fi\/wp-json\/wp\/v2\/media\/58531"}],"wp:attachment":[{"href":"https:\/\/agrozone.ee\/fi\/wp-json\/wp\/v2\/media?parent=58530"}],"wp:term":[{"taxonomy":"product_brand","embeddable":true,"href":"https:\/\/agrozone.ee\/fi\/wp-json\/wp\/v2\/product_brand?post=58530"},{"taxonomy":"product_cat","embeddable":true,"href":"https:\/\/agrozone.ee\/fi\/wp-json\/wp\/v2\/product_cat?post=58530"},{"taxonomy":"product_tag","embeddable":true,"href":"https:\/\/agrozone.ee\/fi\/wp-json\/wp\/v2\/product_tag?post=58530"}],"curies":[{"name":"wp","href":"https:\/\/api.w.org\/{rel}","templated":true}]}}