{"id":5891,"date":"2024-06-28T09:10:12","date_gmt":"2024-06-28T06:10:12","guid":{"rendered":"https:\/\/agrozone.ee\/?post_type=product&#038;p=5891"},"modified":"2025-04-09T15:30:29","modified_gmt":"2025-04-09T13:30:29","slug":"mikrosprinkler-spinnet-sd-kollane-kollane-lr-rohe","status":"publish","type":"product","link":"https:\/\/agrozone.ee\/fi\/tuote\/mikrosprinkler-spinnet-sd-kollane-kollane-lr-rohe\/","title":{"rendered":"Mikrosprinkler Spinnet SD kollane\/kollane LR roheline"},"content":{"rendered":"<p>Mikrosprinkler Spinnet SD kollane\/kollane LR roheline<\/p>\n<p>200 \/ 120 l\/h &#8211; diam. 9,5m<\/p>\n<ul>\n<li>Mikrosprinkler Spinnet SD kollane\/kollane LR roheline on mitmek\u00fclgne ja t\u00f5hus kastmisvahend, mis aitab hoida teie taimi ja p\u00f5llukultuure h\u00e4sti niisutatuna.<\/li>\n<li>See seade sobib ideaalselt kasutamiseks aedades, kasvuhoonetes ja p\u00f5llumaadel.<\/li>\n<li>T\u00e4nu oma ainulaadsele disainile ja vastupidavale konstruktsioonile on Mikrosprinkler Spinnet SD usaldusv\u00e4\u00e4rne valik mis tahes kastmisvajaduste jaoks.<\/li>\n<\/ul>\n<p>&nbsp;<\/p>\n<ul>\n<li>Mikrosprinkler Spinnet SD \u00fcks peamisi omadusi on reguleeritav pihustusotsik.<\/li>\n<li>See v\u00f5imaldab teil kohandada veevoolu ja katteala vastavalt teie taimede erivajadustele.<\/li>\n<li>Olenemata sellest, kas teil on \u00f5rnad lilled v\u00f5i tugevad p\u00f5llukultuurid, saab seda vihmutit reguleerida nii, et see annaks optimaalse kasvu ja tervise tagamiseks \u00f5ige koguse vett.<\/li>\n<\/ul>\n<p>&nbsp;<\/p>\n<ul>\n<li>Vihmuti p\u00f6\u00f6rlev tegevus tagab ka vee \u00fchtlase jaotumise, v\u00e4ltides nii, et m\u00f5ni ala ei kastuks \u00fcle- v\u00f5i alakasvata.<\/li>\n<li>See aitab edendada taimede tervislikku ja \u00fchtlast kasvu, mis toob kaasa parema saagikuse ja eluj\u00f5ulisema aia.<\/li>\n<li>P\u00f6\u00f6rlev tegevus aitab ka v\u00e4hendada vee raiskamist, mis teeb Mikrosprinkler Spinnet SD-st keskkonnas\u00f5braliku valiku kastmiseks.<\/li>\n<\/ul>\n<p>&nbsp;<\/p>\n<ul>\n<li>Mikrosprinkler Spinnet SD on lihtne paigaldada ja kasutada.<\/li>\n<li>Lihtsalt kinnitage see veev\u00f5tukoha k\u00fclge, seadistage otsik soovitud asendisse ja laske tal oma t\u00f6\u00f6d teha.<\/li>\n<li>See on ka kerge ja kompaktne, mist\u00f5ttu on seda lihtne liigutada ja paigutada oma aia v\u00f5i p\u00f5llu eri piirkondadesse.<\/li>\n<li>Lisaks on see valmistatud kvaliteetsetest materjalidest, mis on vastupidavad korrosioonile ja UV-kiirgusele, tagades pikaajalise t\u00f6\u00f6.<\/li>\n<\/ul>\n<p>&nbsp;<\/p>\n<ul>\n<li>See mudel on ka elava kollase ja rohelise v\u00e4rvikombinatsiooniga, mis muudab selle kergesti m\u00e4rgatavaks ja lisab teie \u00f5uealale v\u00e4rvi.<\/li>\n<li>See \u00fchildub ka teiste kastmiss\u00fcsteemidega, mis v\u00f5imaldab teil luua kohandatud ja t\u00f5husa kastmiss\u00fcsteemi kogu teie aia v\u00f5i p\u00f5llu jaoks.<\/li>\n<li>Kokkuv\u00f5ttes on Mikrosprinkler Spinnet SD kollane\/kollane LR roheline parim valik k\u00f5igile, kes otsivad oma kastmisvajadusteks usaldusv\u00e4\u00e4rset ja t\u00f5husat vihmutit.<\/li>\n<\/ul>\n","protected":false},"excerpt":{"rendered":"<p>Mikrosprinkler Spinnet SD kollane\/kollane LR roheline 200 \/ 120 l\/h &#8211; diam. 9,5m Mikrosprinkler Spinnet SD kollane\/kollane LR roheline on mitmek\u00fclgne ja t\u00f5hus kastmisvahend, mis aitab hoida teie taimi ja p\u00f5llukultuure h\u00e4sti niisutatuna. See seade sobib ideaalselt kasutamiseks aedades, kasvuhoonetes ja p\u00f5llumaadel. T\u00e4nu oma ainulaadsele disainile ja vastupidavale konstruktsioonile on Mikrosprinkler Spinnet SD usaldusv\u00e4\u00e4rne valik [&hellip;]<\/p>\n","protected":false},"featured_media":5894,"template":"","meta":{"_acf_changed":false,"_seopress_robots_primary_cat":"none","_seopress_titles_title":"","_seopress_titles_desc":"","_seopress_robots_index":"","_gspb_post_css":""},"product_brand":[],"product_cat":[1092,15,1394],"product_tag":[],"class_list":{"0":"post-5891","1":"product","2":"type-product","3":"status-publish","4":"has-post-thumbnail","6":"product_cat-kastmissusteemid","7":"product_cat-koik-kategooriad","8":"product_cat-sprinklerid","10":"first","11":"instock","12":"taxable","13":"shipping-taxable","14":"purchasable","15":"product-type-simple"},"ct_brands":[],"acf":[],"_links":{"self":[{"href":"https:\/\/agrozone.ee\/fi\/wp-json\/wp\/v2\/product\/5891","targetHints":{"allow":["GET"]}}],"collection":[{"href":"https:\/\/agrozone.ee\/fi\/wp-json\/wp\/v2\/product"}],"about":[{"href":"https:\/\/agrozone.ee\/fi\/wp-json\/wp\/v2\/types\/product"}],"wp:featuredmedia":[{"embeddable":true,"href":"https:\/\/agrozone.ee\/fi\/wp-json\/wp\/v2\/media\/5894"}],"wp:attachment":[{"href":"https:\/\/agrozone.ee\/fi\/wp-json\/wp\/v2\/media?parent=5891"}],"wp:term":[{"taxonomy":"product_brand","embeddable":true,"href":"https:\/\/agrozone.ee\/fi\/wp-json\/wp\/v2\/product_brand?post=5891"},{"taxonomy":"product_cat","embeddable":true,"href":"https:\/\/agrozone.ee\/fi\/wp-json\/wp\/v2\/product_cat?post=5891"},{"taxonomy":"product_tag","embeddable":true,"href":"https:\/\/agrozone.ee\/fi\/wp-json\/wp\/v2\/product_tag?post=5891"}],"curies":[{"name":"wp","href":"https:\/\/api.w.org\/{rel}","templated":true}]}}