{"id":58926,"date":"2026-04-26T12:53:20","date_gmt":"2026-04-26T10:53:20","guid":{"rendered":"https:\/\/agrozone.ee\/toode\/syysnurmikkolannoite-1-kg\/"},"modified":"2026-04-26T12:53:20","modified_gmt":"2026-04-26T10:53:20","slug":"syysnurmikkolannoite-1-kg","status":"publish","type":"product","link":"https:\/\/agrozone.ee\/fi\/tuote\/syysnurmikkolannoite-1-kg\/","title":{"rendered":"Syysnurmikkolannoite 1 kg"},"content":{"rendered":"<p data-path-to-node=\"3\">Onko rivitalopihallasi tai kaupunkikotisi puutarhassa se yksi erityinen vihre\u00e4 keidas, joka kaipaa virkistyst\u00e4 ennen pakkasten tuloa? <strong>Syysnurmikkolannoite k\u00e4tev\u00e4ss\u00e4 1 kg<\/strong> pakkauksessa on luotu erityisesti pienten alueiden t\u00e4sm\u00e4hoitoon. Fiksu puutarhuri tiet\u00e4\u00e4, ett\u00e4 kest\u00e4vyys alkaa oikeista m\u00e4\u00e4rist\u00e4 \u2013 v\u00e4ltt\u00e4m\u00e4ll\u00e4 yliannostelua s\u00e4\u00e4st\u00e4t sek\u00e4 lompakkoasi ett\u00e4 pohjavett\u00e4. <\/p>\n<p data-path-to-node=\"4\">T\u00e4m\u00e4 erityisesti tasapainotettu NPK (3-8-20) -moniravinnelannoite sis\u00e4lt\u00e4\u00e4 juuri sopivasti typpe\u00e4 auttaakseen ruohoa varastoimaan ravinteita juuriinsa talvea varten, ilman ett\u00e4 se kiihdytt\u00e4\u00e4 liiallista ja vaarallista lehtien kasvua. Runsas kalium- ja fosforipitoisuus yhdess\u00e4 elint\u00e4rke\u00e4n boorin (sek\u00e4 kalsiumin, magnesiumin ja rikin) kanssa toimii suoraan maaper\u00e4ss\u00e4. Nurmikkosi juuristo vahvistuu kest\u00e4m\u00e4\u00e4n urheasti ankarimmatkin pohjoisen pakkaset. Levit\u00e4 rakeet kuivalle nurmikolle elokuvaiheen ja lokakuun v\u00e4lisen\u00e4 aikana (k\u00e4ytt\u00f6m\u00e4\u00e4r\u00e4 vain 2\u20135 kg \/ 100 m\u00b2) ja anna sateen hoitaa loput. Tuloksena on elinvoimainen ja silkkisen vihre\u00e4 matto, joka her\u00e4\u00e4 kev\u00e4\u00e4ll\u00e4 nopeammin kuin koskaan!    <\/p>\n","protected":false},"excerpt":{"rendered":"<p>Onko rivitalopihallasi tai kaupunkikotisi puutarhassa se yksi erityinen vihre\u00e4 keidas, joka kaipaa virkistyst\u00e4 ennen pakkasten tuloa? Syysnurmikkolannoite k\u00e4tev\u00e4ss\u00e4 1 kg pakkauksessa on luotu erityisesti pienten alueiden t\u00e4sm\u00e4hoitoon. Fiksu puutarhuri tiet\u00e4\u00e4, ett\u00e4 kest\u00e4vyys alkaa oikeista m\u00e4\u00e4rist\u00e4 \u2013 v\u00e4ltt\u00e4m\u00e4ll\u00e4 yliannostelua s\u00e4\u00e4st\u00e4t sek\u00e4 lompakkoasi ett\u00e4 pohjavett\u00e4. T\u00e4m\u00e4 erityisesti tasapainotettu NPK (3-8-20) -moniravinnelannoite sis\u00e4lt\u00e4\u00e4 juuri sopivasti typpe\u00e4 auttaakseen ruohoa [&hellip;]<\/p>\n","protected":false},"featured_media":58927,"template":"","meta":{"_acf_changed":false,"_seopress_robots_primary_cat":"","_seopress_titles_title":"Syysnurmikkolannoite 1 kg | Agrozone.fi","_seopress_titles_desc":"Valmistele pieni nurmikkosi talveen! Syysnurmikkolannoite 1 kg takaa vihre\u00e4n ja terveen nurmikon my\u00f6s kev\u00e4\u00e4ll\u00e4. Tilaa Agrozonen verkkokaupasta ja s\u00e4\u00e4st\u00e4 luontoa!  ","_seopress_robots_index":"","_gspb_post_css":""},"product_brand":[],"product_cat":[2392,2438,2463,2466],"product_tag":[],"class_list":{"0":"post-58926","1":"product","2":"type-product","3":"status-publish","4":"has-post-thumbnail","6":"product_cat-kaikki-luokat","7":"product_cat-lannoitteet","8":"product_cat-nurmikkolannoitteet","9":"product_cat-syksy","11":"first","12":"instock","13":"taxable","14":"shipping-taxable","15":"purchasable","16":"product-type-simple"},"ct_brands":[],"acf":[],"_links":{"self":[{"href":"https:\/\/agrozone.ee\/fi\/wp-json\/wp\/v2\/product\/58926","targetHints":{"allow":["GET"]}}],"collection":[{"href":"https:\/\/agrozone.ee\/fi\/wp-json\/wp\/v2\/product"}],"about":[{"href":"https:\/\/agrozone.ee\/fi\/wp-json\/wp\/v2\/types\/product"}],"wp:featuredmedia":[{"embeddable":true,"href":"https:\/\/agrozone.ee\/fi\/wp-json\/wp\/v2\/media\/58927"}],"wp:attachment":[{"href":"https:\/\/agrozone.ee\/fi\/wp-json\/wp\/v2\/media?parent=58926"}],"wp:term":[{"taxonomy":"product_brand","embeddable":true,"href":"https:\/\/agrozone.ee\/fi\/wp-json\/wp\/v2\/product_brand?post=58926"},{"taxonomy":"product_cat","embeddable":true,"href":"https:\/\/agrozone.ee\/fi\/wp-json\/wp\/v2\/product_cat?post=58926"},{"taxonomy":"product_tag","embeddable":true,"href":"https:\/\/agrozone.ee\/fi\/wp-json\/wp\/v2\/product_tag?post=58926"}],"curies":[{"name":"wp","href":"https:\/\/api.w.org\/{rel}","templated":true}]}}