{"id":58930,"date":"2026-04-26T13:13:53","date_gmt":"2026-04-26T11:13:53","guid":{"rendered":"https:\/\/agrozone.ee\/toode\/syysnurmikkolannoite-15-kg\/"},"modified":"2026-04-26T13:13:53","modified_gmt":"2026-04-26T11:13:53","slug":"syysnurmikkolannoite-15-kg","status":"publish","type":"product","link":"https:\/\/agrozone.ee\/fi\/tuote\/syysnurmikkolannoite-15-kg\/","title":{"rendered":"Syysnurmikkolannoite 15 kg"},"content":{"rendered":"<p data-path-to-node=\"13\">Suuret maisemat ja avarat nurmikent\u00e4t vaativat ammattimaista otetta ja tinkim\u00e4t\u00f6nt\u00e4 laatua. <strong>15 kg syysnurmikkolannoite<\/strong> on kehitetty vaativalle maisemasuunnittelijalle ja suuren kotipuutarhan omistajalle, joka arvostaa taloudellista tehokkuutta tinkim\u00e4tt\u00e4 luonnon monimuotoisuudesta. Yksi s\u00e4kki riitt\u00e4\u00e4 jopa 750 neli\u00f6metrin laajuisen nurmikon syyskunnostukseen! <\/p>\n<p data-path-to-node=\"14\">Ilmastonmuutoksen aikakaudella, jolloin talvet ovat vaihtelevia \u2013 v\u00e4lill\u00e4 paukkuvia pakkasia, v\u00e4lill\u00e4 taas loskaa ja kosteutta \u2013 nurmikon vastustuskyky on kriittisemp\u00e4\u00e4 kuin koskaan. T\u00e4m\u00e4 erityinen N-P2O5-K2O (3-8-20) -koostumus elint\u00e4rkeill\u00e4 mineraaleilla (CaO, MgO, SO3, boori) on luotu nurmikasvin fysiologiaa silm\u00e4ll\u00e4 pit\u00e4en. Vahva, paksu ja tihe\u00e4 nurmikko on paras luonnollinen tuholais- ja rikkaruohotorjunta, joka ei j\u00e4t\u00e4 sammaleelle tai kutsumattomille vieraille tilaa kasvaa. N\u00e4in v\u00e4henn\u00e4t kemiallisten torjunta-aineiden tarvetta tulevaisuudessa ja tuet puhdasta elinymp\u00e4rist\u00f6\u00e4.   <\/p>\n<p data-path-to-node=\"15\"><b data-path-to-node=\"15\" data-index-in-node=\"0\">Ihanteellinen my\u00f6s uuden nurmikon perustamiseen!<\/b> Suunnitteletko uuden nurmikon kylv\u00e4mist\u00e4 syksyll\u00e4? Syksy on siihen erinomaista aikaa luonnollisen kosteuden ansiosta. K\u00e4yt\u00e4 uuden nurmikon kylv\u00f6ss\u00e4 annostusta 6\u201310 kg \/ 100 m\u00b2. Lannoite auttaa nuoria siemeni\u00e4 juurtumaan voimakkaasti, jotta ne selvi\u00e4v\u00e4t ensimm\u00e4isest\u00e4 talvesta turvallisesti ja alkavat kasvaa r\u00e4j\u00e4hdysm\u00e4isesti kev\u00e4\u00e4n tullen. Valitse Agrozonen huippulaatu ja varmista puutarhasi pitk\u00e4aikainen kauneus!    <\/p>\n","protected":false},"excerpt":{"rendered":"<p>Suuret maisemat ja avarat nurmikent\u00e4t vaativat ammattimaista otetta ja tinkim\u00e4t\u00f6nt\u00e4 laatua. 15 kg syysnurmikkolannoite on kehitetty vaativalle maisemasuunnittelijalle ja suuren kotipuutarhan omistajalle, joka arvostaa taloudellista tehokkuutta tinkim\u00e4tt\u00e4 luonnon monimuotoisuudesta. Yksi s\u00e4kki riitt\u00e4\u00e4 jopa 750 neli\u00f6metrin laajuisen nurmikon syyskunnostukseen! Ilmastonmuutoksen aikakaudella, jolloin talvet ovat vaihtelevia \u2013 v\u00e4lill\u00e4 paukkuvia pakkasia, v\u00e4lill\u00e4 taas loskaa ja kosteutta \u2013 nurmikon [&hellip;]<\/p>\n","protected":false},"featured_media":58931,"template":"","meta":{"_acf_changed":false,"_seopress_robots_primary_cat":"","_seopress_titles_title":"Syysnurmikkolannoite 15 kg suurille alueille | Agrozone","_seopress_titles_desc":"\u00c4lyk\u00e4s ratkaisu suureen puutarhaan! 15 kg syyslannoite ravitsee nurmikon juuria, parantaa pakkasenkest\u00e4vyytt\u00e4 ja auttaa uutta nurmikkoa juurtumaan. Varmista runsas vihreys, tilaa t\u00e4st\u00e4!  ","_seopress_robots_index":"","_gspb_post_css":""},"product_brand":[],"product_cat":[2392,2438,2463,2466],"product_tag":[],"class_list":{"0":"post-58930","1":"product","2":"type-product","3":"status-publish","4":"has-post-thumbnail","6":"product_cat-kaikki-luokat","7":"product_cat-lannoitteet","8":"product_cat-nurmikkolannoitteet","9":"product_cat-syksy","11":"first","12":"instock","13":"taxable","14":"shipping-taxable","15":"purchasable","16":"product-type-simple"},"ct_brands":[],"acf":[],"_links":{"self":[{"href":"https:\/\/agrozone.ee\/fi\/wp-json\/wp\/v2\/product\/58930","targetHints":{"allow":["GET"]}}],"collection":[{"href":"https:\/\/agrozone.ee\/fi\/wp-json\/wp\/v2\/product"}],"about":[{"href":"https:\/\/agrozone.ee\/fi\/wp-json\/wp\/v2\/types\/product"}],"wp:featuredmedia":[{"embeddable":true,"href":"https:\/\/agrozone.ee\/fi\/wp-json\/wp\/v2\/media\/58931"}],"wp:attachment":[{"href":"https:\/\/agrozone.ee\/fi\/wp-json\/wp\/v2\/media?parent=58930"}],"wp:term":[{"taxonomy":"product_brand","embeddable":true,"href":"https:\/\/agrozone.ee\/fi\/wp-json\/wp\/v2\/product_brand?post=58930"},{"taxonomy":"product_cat","embeddable":true,"href":"https:\/\/agrozone.ee\/fi\/wp-json\/wp\/v2\/product_cat?post=58930"},{"taxonomy":"product_tag","embeddable":true,"href":"https:\/\/agrozone.ee\/fi\/wp-json\/wp\/v2\/product_tag?post=58930"}],"curies":[{"name":"wp","href":"https:\/\/api.w.org\/{rel}","templated":true}]}}