{"id":58984,"date":"2026-04-27T09:35:24","date_gmt":"2026-04-27T07:35:24","guid":{"rendered":"https:\/\/agrozone.ee\/toode\/kukkaniityn-siemenseos-1-kg\/"},"modified":"2026-04-27T09:35:24","modified_gmt":"2026-04-27T07:35:24","slug":"kukkaniityn-siemenseos-1-kg","status":"publish","type":"product","link":"https:\/\/agrozone.ee\/fi\/tuote\/kukkaniityn-siemenseos-1-kg\/","title":{"rendered":"Kukkaniityn siemenseos 1 kg"},"content":{"rendered":"<p data-path-to-node=\"2\">Unelmoitko puutarhan nurkkauksesta, joka kuhisee el\u00e4m\u00e4\u00e4 ja kukkii taukoamatta kev\u00e4\u00e4st\u00e4 my\u00f6h\u00e4iseen syksyyn? T\u00e4m\u00e4 huolellisesti laadittu kukkaniityn siemenseos (1 kg) on ihanteellinen ratkaisu pienen kukkanurmen tai kukkivan kukkapenkin perustamiseen kotipuutarhaasi. Unohda tyls\u00e4, eloton ja jatkuvaa leikkaamista vaativa nurmikko \u2013 tuo tontillesi aito eurooppalainen ekotrendi ja nauti omavaraisesta kauneudesta!  <\/p>\n<p data-path-to-node=\"3\">Ainutlaatuinen reseptimme on todellinen biologinen mestariteos, joka sis\u00e4lt\u00e4\u00e4 jopa 39 eri kasvilajia. T\u00e4h\u00e4n harmoniseen kokonaisuuteen kuuluvat muun muassa silm\u00e4niloa tarjoavat esparsetti, auringonkukka, villiporkkana ja ruiskukkaa muistuttava juhannusruis. Seoksen tekee erityiseksi se, ett\u00e4 se on k\u00e4yt\u00e4nn\u00f6ss\u00e4 hein\u00e4t\u00f6n! T\u00e4m\u00e4 tarkoittaa, ett\u00e4 uusi niittysi keskitt\u00e4\u00e4 kaiken energiansa runsaisiin kukkiin eik\u00e4 aggressiivisesti levi\u00e4v\u00e4\u00e4n vihre\u00e4\u00e4n massaan.   <\/p>\n<p data-path-to-node=\"4\"><b data-path-to-node=\"4\" data-index-in-node=\"0\">Miksi kukkiva kukkaniitty on puutarhasi paras investointi?<\/b><\/p>\n<ul data-path-to-node=\"5\">\n<li>\n<p data-path-to-node=\"5,0,0\"><b data-path-to-node=\"5,0,0\" data-index-in-node=\"0\">Pelastat p\u00f6lytt\u00e4j\u00e4t:<\/b> Fenkoli, purasruoho ja muut medenrikkaat kasvit ovat kuin luonnollinen magneetti mehil\u00e4isille ja perhosille. Luonnon monimuotoisuuden tukeminen alkaa omalta kotipihaltasi! <\/p>\n<\/li>\n<li>\n<p data-path-to-node=\"5,1,0\"><b data-path-to-node=\"5,1,0\" data-index-in-node=\"0\">V\u00e4hemm\u00e4n vaivaa, enemm\u00e4n kauneutta:<\/b> Luonnollinen niitty vaatii vain minimaalisesti toimenpiteit\u00e4 ja kastelua, s\u00e4\u00e4st\u00e4en n\u00e4in arvokasta aikaasi sek\u00e4 puhdasta juomavett\u00e4.<\/p>\n<\/li>\n<li>\n<p data-path-to-node=\"5,2,0\"><b data-path-to-node=\"5,2,0\" data-index-in-node=\"0\">Turvallinen ja lemmikkiyst\u00e4v\u00e4llinen:<\/b> Puhdas ja monimuotoinen luonto suoraan kotisi ikkunan alla tarjoaa turvallista l\u00f6yt\u00e4misen iloa niin lapsille kuin nelijalkaisille yst\u00e4villekin, ilman kemiallisia lannoitteita ja torjunta-aineita.<\/p>\n<\/li>\n<\/ul>\n<p data-path-to-node=\"6\">Luo puutarhaasi kest\u00e4v\u00e4 ekosysteemi. Kylv\u00e4 siemenet, anna luonnon toimia omaan tahtiinsa ja nauti joka aamu uusista puhkeavista v\u00e4reist\u00e4! <\/p>\n<p data-path-to-node=\"6\"><strong>KOOSTUMUS:<\/strong><\/p>\n<ul>\n<li data-path-to-node=\"6\">20,0 % rehuesparsetti (<i>Onobrychis viciifolia<\/i>)<\/li>\n<li data-path-to-node=\"6\">10,0 % juhannusruis (<i>Secale cereale var. multicaule <\/i>)<\/li>\n<li data-path-to-node=\"6\">7,5 % sinimailanen (<i>Medicago sativa<\/i>)<\/li>\n<li data-path-to-node=\"6\">6 % puna-apila (<i>Trifolium pratense<\/i>)<\/li>\n<li data-path-to-node=\"6\">5,5 % auringonkukka (<i>Helianthus annuus<\/i>)<\/li>\n<li data-path-to-node=\"6\">5,3 % rehuvirna (<i>Vicia sativa<\/i>)<\/li>\n<li data-path-to-node=\"6\">5,0 % maustefenkoli (<i>Foeniculum vulgare<\/i>)<\/li>\n<li data-path-to-node=\"6\">5,0 % tattari (<i>Fagopyrum<\/i>)<\/li>\n<li data-path-to-node=\"6\">4,0 % alsikeapila (<i>Trifolium hybridum<\/i>)<\/li>\n<li data-path-to-node=\"6\">4,0 % pikkuluppio (<i>Sanguisorba minor<\/i>)<\/li>\n<li data-path-to-node=\"6\">4,0 % kumina (<i>Carum carvi<\/i>)<\/li>\n<li data-path-to-node=\"6\">3,0 % ahopukinjuuri (<i>Pimpinella saxifraga<\/i>)<\/li>\n<li data-path-to-node=\"6\">2,0 % keltamaite (<i>Lotus corniculatus<\/i>)<\/li>\n<li data-path-to-node=\"6\">2,0 % villiporkkana (<i>Daucus carota<\/i>)<\/li>\n<li data-path-to-node=\"6\">2,0 % humalamailanen (<i>Medicago lupulina<\/i>)<\/li>\n<li data-path-to-node=\"6\">1,5 % kyl\u00e4neidonkieli (<i>Echium vulgare<\/i>)<\/li>\n<li data-path-to-node=\"6\">1% siank\u00e4rs\u00e4m\u00f6 (<i>Achillea millefolium<\/i>)<\/li>\n<li data-path-to-node=\"6\">1,0 % hein\u00e4ratamo (<i>Plantago lanceolata<\/i>)<\/li>\n<li data-path-to-node=\"6\">1,0 % sikuri (<i>Cichorum intybus<\/i>)<\/li>\n<li data-path-to-node=\"6\">1,0 % keltamatara (<i>Galium verum<\/i>)<\/li>\n<li data-path-to-node=\"6\">1,0 % etel\u00e4nukonputki (<i>Heracleum sphondylium<\/i>)<\/li>\n<li data-path-to-node=\"6\">1,0 % piennarkeltto (<i>Crepis biennis<\/i>)<\/li>\n<li data-path-to-node=\"6\">1,0 % persilja (<i>Petroselinum crispum<\/i>)<\/li>\n<li data-path-to-node=\"6\">0,9 % ilta-ailakki (<i>Silene latifolia<\/i>)<\/li>\n<li data-path-to-node=\"6\">0,5 % ahdekaunokki (<i>Centaurea jacea<\/i>)<\/li>\n<li data-path-to-node=\"6\">0,6 % p\u00e4iv\u00e4nkakkara (<i>Leucanthemum vulgare<\/i>)<\/li>\n<li data-path-to-node=\"6\">0,5 % nurmikohokki (<i>Silene vulgaris<\/i>)<\/li>\n<li data-path-to-node=\"6\">0,5 % m\u00e4kikuisma (<i>Hypericum perforatum<\/i>)<\/li>\n<li data-path-to-node=\"6\">0,5 % puna-ailakki (Silene dioica)<\/li>\n<li data-path-to-node=\"6\">0,5 % ketokaunokki (<i>Centaurea scabiosa<\/i>)<\/li>\n<li data-path-to-node=\"6\">0,5 % tarhaporkkana (<i>Daucus carota<\/i>)<\/li>\n<li data-path-to-node=\"6\">0,4 % myskimalva (<i>Malva moschata<\/i>)<\/li>\n<li data-path-to-node=\"6\">0,3 % kiiltomalva (<i>Malva Sylvestris<\/i>)<\/li>\n<li data-path-to-node=\"6\">0,2 % iltahelokki (<i>Oenothera biennis<\/i>)<\/li>\n<li data-path-to-node=\"6\">0,2 % v\u00e4rireseeda (<i>Reseda luteola<\/i>)<\/li>\n<li data-path-to-node=\"6\">0,2 % purasruoho (<i>Borago officinalis<\/i>)<\/li>\n<li data-path-to-node=\"6\">0,2 % karstaohdake (<i>Dipsacus fullonum<\/i>)<\/li>\n<li data-path-to-node=\"6\">0,1 % pietaryrtti (Tanacetum vulgare)<\/li>\n<li data-path-to-node=\"6\">0,1 % pujo (<i>Artemisia vulgaris<\/i>)<\/li>\n<\/ul>\n","protected":false},"excerpt":{"rendered":"<p>Unelmoitko puutarhan nurkkauksesta, joka kuhisee el\u00e4m\u00e4\u00e4 ja kukkii taukoamatta kev\u00e4\u00e4st\u00e4 my\u00f6h\u00e4iseen syksyyn? T\u00e4m\u00e4 huolellisesti laadittu kukkaniityn siemenseos (1 kg) on ihanteellinen ratkaisu pienen kukkanurmen tai kukkivan kukkapenkin perustamiseen kotipuutarhaasi. Unohda tyls\u00e4, eloton ja jatkuvaa leikkaamista vaativa nurmikko \u2013 tuo tontillesi aito eurooppalainen ekotrendi ja nauti omavaraisesta kauneudesta! Ainutlaatuinen reseptimme on todellinen biologinen mestariteos, joka sis\u00e4lt\u00e4\u00e4 [&hellip;]<\/p>\n","protected":false},"featured_media":58983,"template":"","meta":{"_acf_changed":false,"_seopress_robots_primary_cat":"none","_seopress_titles_title":"Kukkaniityn siemenseos 1 kg \u2013 Luo monimuotoinen puutarha!","_seopress_titles_desc":"Muuta kotipuutarhasi kukkivaksi keitaaksi! 39 kasvilajista koostuva kukkaniityn siemenseos houkuttelee mehil\u00e4isi\u00e4 ja tukee luonnon monimuotoisuutta. Osta 1 kg:n pakkaus ja perusta eko-kukkanurmi!  ","_seopress_robots_index":"","_gspb_post_css":""},"product_brand":[],"product_cat":[2444,2392,2399],"product_tag":[],"class_list":{"0":"post-58984","1":"product","2":"type-product","3":"status-publish","4":"has-post-thumbnail","6":"product_cat-hunajakasvit-ja-valiviljelykasvit","7":"product_cat-kaikki-luokat","8":"product_cat-siemenet","10":"first","11":"instock","12":"taxable","13":"shipping-taxable","14":"purchasable","15":"product-type-simple"},"ct_brands":[],"acf":[],"_links":{"self":[{"href":"https:\/\/agrozone.ee\/fi\/wp-json\/wp\/v2\/product\/58984","targetHints":{"allow":["GET"]}}],"collection":[{"href":"https:\/\/agrozone.ee\/fi\/wp-json\/wp\/v2\/product"}],"about":[{"href":"https:\/\/agrozone.ee\/fi\/wp-json\/wp\/v2\/types\/product"}],"wp:featuredmedia":[{"embeddable":true,"href":"https:\/\/agrozone.ee\/fi\/wp-json\/wp\/v2\/media\/58983"}],"wp:attachment":[{"href":"https:\/\/agrozone.ee\/fi\/wp-json\/wp\/v2\/media?parent=58984"}],"wp:term":[{"taxonomy":"product_brand","embeddable":true,"href":"https:\/\/agrozone.ee\/fi\/wp-json\/wp\/v2\/product_brand?post=58984"},{"taxonomy":"product_cat","embeddable":true,"href":"https:\/\/agrozone.ee\/fi\/wp-json\/wp\/v2\/product_cat?post=58984"},{"taxonomy":"product_tag","embeddable":true,"href":"https:\/\/agrozone.ee\/fi\/wp-json\/wp\/v2\/product_tag?post=58984"}],"curies":[{"name":"wp","href":"https:\/\/api.w.org\/{rel}","templated":true}]}}