{"id":59344,"date":"2026-05-08T13:57:30","date_gmt":"2026-05-08T11:57:30","guid":{"rendered":"https:\/\/agrozone.ee\/toode\/titus-25-df-100-g\/"},"modified":"2026-05-08T14:49:04","modified_gmt":"2026-05-08T12:49:04","slug":"titus-25-df-100-g","status":"publish","type":"product","link":"https:\/\/agrozone.ee\/fi\/tuote\/titus-25-df-100-g\/","title":{"rendered":"Titus 25 DF 100 g"},"content":{"rendered":"<p id=\"p-rc_6e517eda7759829c-27\" data-path-to-node=\"3\"><span data-path-to-node=\"3,0\">Kuvittele elinvoimainen ja runsas sato, jossa huolella kasvattamasi peruna- tai maissikasvit saavat kaiken maaper\u00e4n voiman ja auringonvalon itselleen ilman, ett\u00e4 niiden tarvitsee kilpailla kiusallisten rikkakasvien kanssa. <\/span><span data-path-to-node=\"3,2\"><b data-path-to-node=\"3,2\" data-index-in-node=\"0\"><span class=\"citation-67\">Titus\u00ae 25 DF<\/span><\/b><span class=\"citation-67\"> on arvostettu systeeminen herbitsiidi<\/span><\/span><span data-path-to-node=\"3,4\">, joka on kehitetty juuri t\u00e4m\u00e4n ongelman ratkaisemiseksi. <\/span><span data-path-to-node=\"3,6\"><span class=\"citation-66\">Se on suunniteltu erityisesti leve\u00e4lehtisten rikkakasvien, laajalle levinneen juolavehn\u00e4n ja muiden hein\u00e4m\u00e4isten rikkakasvien tehokkaaseen torjuntaan sek\u00e4 peruna- ett\u00e4 maissipelloilla<\/span><\/span><span data-path-to-node=\"3,8\">.<\/span><\/p>\n<p id=\"p-rc_6e517eda7759829c-28\" data-path-to-node=\"4\"><span data-path-to-node=\"4,1\"><span class=\"citation-65\">Kyseess\u00e4 on k\u00e4tev\u00e4 veteen dispergoituva rae <\/span><\/span><span data-path-to-node=\"4,4\"><span class=\"citation-64\">, jonka tehoaineena on rimsulfuroni (250 g\/kg)<\/span><\/span><span data-path-to-node=\"4,6\">. <\/span><span data-path-to-node=\"4,8\"><span class=\"citation-63\">Valmiste tunkeutuu ei-toivottuihin kasveihin tehokkaasti sek\u00e4 lehtien ett\u00e4 juuriston kautta<\/span><\/span><span data-path-to-node=\"4,10\"> tarjoten siten varman ja laaja-alaisen suojan. <\/span><span data-path-to-node=\"4,12\"><span class=\"citation-62\">Maaper\u00e4vaikutus lis\u00e4\u00e4 valmisteen tehoa entisest\u00e4\u00e4n ja tekee torjunnasta v\u00e4hemm\u00e4n riippuvaista s\u00e4\u00e4olosuhteista<\/span><\/span><span data-path-to-node=\"4,14\">. <\/span><span data-path-to-node=\"4,16\"><span class=\"citation-61\">Ensimm\u00e4iset visuaaliset merkit onnistuneesta torjunnasta, kuten kloroosi ja rikkakasvien lakastuminen, ilmenev\u00e4t yleens\u00e4 1\u20133 viikon kuluessa ruiskutuksesta<\/span><\/span><span data-path-to-node=\"4,18\">.<\/span><\/p>\n<h3 data-path-to-node=\"5\">Miksi Titus 25 DF on paras valinta pellollesi?<\/h3>\n<ul data-path-to-node=\"6\">\n<li>\n<p id=\"p-rc_6e517eda7759829c-29\" data-path-to-node=\"6,0,1\"><span data-path-to-node=\"6,0,1,0\"><b data-path-to-node=\"6,0,1,0\" data-index-in-node=\"0\"><span class=\"citation-60\">Monipuolinen ja laaja suoja:<\/span><\/b><span class=\"citation-60\"> Torjuu hyvin tai eritt\u00e4in hyvin laajaa kirjoa rikkakasveja, mukaan lukien juolavehn\u00e4\u00e4, saunakukkaa, lutukkaa, pihat\u00e4htim\u00f6\u00e4 ja ristikukkaisia rikkakasveja<\/span><\/span><span data-path-to-node=\"6,0,1,2\">.<\/span><\/p>\n<\/li>\n<li>\n<p id=\"p-rc_6e517eda7759829c-30\" data-path-to-node=\"6,1,1\"><span data-path-to-node=\"6,1,1,0\"><b data-path-to-node=\"6,1,1,0\" data-index-in-node=\"0\"><span class=\"citation-59\">Joustava maaper\u00e4n suhteen:<\/span><\/b><span class=\"citation-59\"> Tuote sopii ihanteellisesti k\u00e4ytett\u00e4v\u00e4ksi niin savi-, hiekka- kuin turvemailla<\/span><\/span><span data-path-to-node=\"6,1,1,2\">.<\/span><\/p>\n<\/li>\n<li>\n<p id=\"p-rc_6e517eda7759829c-31\" data-path-to-node=\"6,2,1\"><span data-path-to-node=\"6,2,1,0\"><b data-path-to-node=\"6,2,1,0\" data-index-in-node=\"0\"><span class=\"citation-58\">Nopea systeeminen vaikutus:<\/span><\/b><span class=\"citation-58\"> Kasvien kasvu pys\u00e4htyy v\u00e4litt\u00f6m\u00e4sti ruiskutuksen j\u00e4lkeen<\/span><\/span><span data-path-to-node=\"6,2,1,2\">.<\/span><\/p>\n<\/li>\n<li>\n<p id=\"p-rc_6e517eda7759829c-32\" data-path-to-node=\"6,3,1\"><span data-path-to-node=\"6,3,1,0\"><b data-path-to-node=\"6,3,1,0\" data-index-in-node=\"0\"><span class=\"citation-57\">Vaivaton tankkiseosten valmistus:<\/span><\/b><span class=\"citation-57\"> Valmiste sekoittuu veteen eritt\u00e4in helposti eik\u00e4 vaadi esiliuotusta, mik\u00e4 nopeuttaa ty\u00f6prosessia merkitt\u00e4v\u00e4sti<\/span><\/span><span data-path-to-node=\"6,3,1,2\">.<\/span><\/p>\n<\/li>\n<\/ul>\n<h3 data-path-to-node=\"7\">Vastuullista ja turvallista kasvinsuojelua<\/h3>\n<p id=\"p-rc_6e517eda7759829c-33\" data-path-to-node=\"8\"><span data-path-to-node=\"8,0\">Nykyaikainen ja kest\u00e4v\u00e4 maanviljely vaatii meilt\u00e4 vastuullista suhtautumista ymp\u00e4r\u00f6iv\u00e4\u00e4n luonnon monimuotoisuuteen. <\/span><span data-path-to-node=\"8,2\"><span class=\"citation-56\">Koska Titus 25 DF on eritt\u00e4in myrkyllist\u00e4 vesieli\u00f6ille <\/span><\/span><span data-path-to-node=\"8,5\"><span class=\"citation-55\">, on eritt\u00e4in t\u00e4rke\u00e4\u00e4 v\u00e4ltt\u00e4\u00e4 aineen tai sen pakkauksen joutumista pintavesiin<\/span><\/span><span data-path-to-node=\"8,7\">. <\/span><span data-path-to-node=\"8,9\"><span class=\"citation-54\">Ihmisten terveydelle ja ymp\u00e4rist\u00f6lle aiheutuvien vaarojen v\u00e4ltt\u00e4miseksi on aina noudatettava tarkasti k\u00e4ytt\u00f6ohjeita<\/span><\/span><span data-path-to-node=\"8,11\">, jotta turvallinen ja puhdas elinymp\u00e4rist\u00f6 s\u00e4ilyy.<\/span><\/p>\n<p id=\"p-rc_6e517eda7759829c-34\" data-path-to-node=\"9\"><span data-path-to-node=\"9,1\"><span class=\"citation-53\">Parhaan tuloksen saavuttamiseksi ruiskutusliuoksen valmistuksessa suositellaan k\u00e4ytt\u00e4m\u00e4\u00e4n vett\u00e4 sek\u00e4 perunalla ett\u00e4 maissilla 200\u2013300 l\/ha <\/span><\/span><span data-path-to-node=\"9,4\"><span class=\"citation-52\">, ja valmistetta ruiskutettaessa on aina k\u00e4ytett\u00e4v\u00e4 kiinnitint\u00e4<\/span><\/span><span data-path-to-node=\"9,6\">. <\/span> <\/p>\n<p data-path-to-node=\"10\">Ota askel kohti terveemp\u00e4\u00e4 peltoa ja huomattavasti runsaampaa satoa. Valitse Agrozoniesta luotettava ja laadukas kasvinsuojelu, joka auttaa sinua saavuttamaan ammattimaisia tuloksia ymp\u00e4rist\u00f6st\u00e4 huolehtien! <\/p>\n<p data-path-to-node=\"10\"><a href=\"https:\/\/agrozone.ee\/wp-content\/uploads\/2026\/05\/titus-25-df-label.pdf\" target=\"_blank\" rel=\"noopener\">TIETOLEHTI<\/a><\/p>\n","protected":false},"excerpt":{"rendered":"<p>Systeeminen herbitsiidi leve\u00e4lehtisten rikkakasvien sek\u00e4 juolavehn\u00e4n ja muiden hein\u00e4m\u00e4isten<br \/>\nrikkakasvien torjuntaan perunalla ja maissilla.<\/p>\n","protected":false},"featured_media":59345,"template":"","meta":{"_acf_changed":false,"_seopress_robots_primary_cat":"","_seopress_titles_title":"Titus 25 DF 100 g \u2013 Rikkakasvih\u00e4vite perunalle ja maissille","_seopress_titles_desc":"Pid\u00e4 peruna- ja maissipeltosi puhtaana rikkakasveista systeemisell\u00e4 Titus 25 DF -herbitsiidill\u00e4. Torjuu tehokkaasti juolavehn\u00e4\u00e4 ja muita rikkakasveja. Osta Agrozoniesta!  ","_seopress_robots_index":"","_gspb_post_css":""},"product_brand":[],"product_cat":[2392],"product_tag":[],"class_list":{"0":"post-59344","1":"product","2":"type-product","3":"status-publish","4":"has-post-thumbnail","6":"product_cat-kaikki-luokat","8":"first","9":"instock","10":"taxable","11":"shipping-taxable","12":"purchasable","13":"product-type-simple"},"ct_brands":[],"acf":[],"_links":{"self":[{"href":"https:\/\/agrozone.ee\/fi\/wp-json\/wp\/v2\/product\/59344","targetHints":{"allow":["GET"]}}],"collection":[{"href":"https:\/\/agrozone.ee\/fi\/wp-json\/wp\/v2\/product"}],"about":[{"href":"https:\/\/agrozone.ee\/fi\/wp-json\/wp\/v2\/types\/product"}],"wp:featuredmedia":[{"embeddable":true,"href":"https:\/\/agrozone.ee\/fi\/wp-json\/wp\/v2\/media\/59345"}],"wp:attachment":[{"href":"https:\/\/agrozone.ee\/fi\/wp-json\/wp\/v2\/media?parent=59344"}],"wp:term":[{"taxonomy":"product_brand","embeddable":true,"href":"https:\/\/agrozone.ee\/fi\/wp-json\/wp\/v2\/product_brand?post=59344"},{"taxonomy":"product_cat","embeddable":true,"href":"https:\/\/agrozone.ee\/fi\/wp-json\/wp\/v2\/product_cat?post=59344"},{"taxonomy":"product_tag","embeddable":true,"href":"https:\/\/agrozone.ee\/fi\/wp-json\/wp\/v2\/product_tag?post=59344"}],"curies":[{"name":"wp","href":"https:\/\/api.w.org\/{rel}","templated":true}]}}