{"id":59408,"date":"2024-06-09T16:14:37","date_gmt":"2024-06-09T13:14:37","guid":{"rendered":"https:\/\/agrozone.ee\/toode\/sepankuoriaisansan-tayttopakkaus-2-feromonia\/"},"modified":"2024-06-09T16:14:37","modified_gmt":"2024-06-09T14:14:37","slug":"sepankuoriaisansan-tayttopakkaus-2-feromonia","status":"publish","type":"product","link":"https:\/\/agrozone.ee\/fi\/tuote\/sepankuoriaisansan-tayttopakkaus-2-feromonia\/","title":{"rendered":"Sep\u00e4nkuoriaisansan t\u00e4ytt\u00f6pakkaus 2 feromonia"},"content":{"rendered":"<p data-path-to-node=\"1\">Jatkuvuus on terveen ja elinvoimaisen puutarhan salaisuus. Jos olet jo ottanut t\u00e4rke\u00e4n askeleen kohti luonnon tasapainoa ja asentanut mekaanisen ansan sep\u00e4nkuoriaisten pys\u00e4ytt\u00e4miseksi, <b data-path-to-node=\"1\" data-index-in-node=\"176\">sep\u00e4nkuoriaisansan t\u00e4ytt\u00f6pakkaus<\/b> on korvaamaton investointi tulevan satosi turvaksi. T\u00e4ss\u00e4 k\u00e4tev\u00e4ss\u00e4 pakkauksessa on kaksi laboratoriossa testattua feromonia, jotka pit\u00e4v\u00e4t kasvimaasi suojakilven aktiivisena koko kauden ajan.  <\/p>\n<p data-path-to-node=\"2\"><b data-path-to-node=\"2\" data-index-in-node=\"0\">Tuplam\u00e4\u00e4r\u00e4, puolen vuoden suoja<\/b> Koska yksi ainoa ampulli eritt\u00e4\u00e4 houkutusainetta tasaisesti jopa kolme kuukautta, kaksiosainen t\u00e4ytt\u00f6pakkaus takaa keskeytym\u00e4tt\u00f6m\u00e4n suojan per\u00e4ti puoleksi vuodeksi. T\u00e4m\u00e4 tarkoittaa, ett\u00e4 katat huoletta koko aktiivisen viljelykauden. Erityinen feromoni houkuttelee aikuiset sep\u00e4nkuoriaiset erehtym\u00e4tt\u00f6m\u00e4sti ansaan, katkaisee niiden elinkaaren ja est\u00e4\u00e4 uuden, ahneista juurimadoista koostuvan sukupolven kuoriutumisen arvokkaaseen multaasi.  <\/p>\n<p data-path-to-node=\"3\"><b data-path-to-node=\"3\" data-index-in-node=\"0\">Turvallinen luonnon monimuotoisuudelle ja 100 % luonnonyst\u00e4v\u00e4llinen<\/b> Nykyaikainen puutarhuri suosii ymp\u00e4rist\u00f6\u00e4 s\u00e4\u00e4st\u00e4vi\u00e4 ratkaisuja. T\u00e4m\u00e4 feromonisy\u00f6tti t\u00e4ytt\u00e4\u00e4 tiukat eurooppalaiset <b data-path-to-node=\"3\" data-index-in-node=\"152\">luomuviljelyn<\/b> vaatimukset ja on t\u00e4ysin vapaa haitallisista toksiineista. Se on suunniteltu kohdistumaan vain sep\u00e4nkuoriaisiin, ja on t\u00e4ysin turvallinen perheellesi, lemmikeillesi, linnuille ja puutarhan ekosysteemi\u00e4 tukeville hy\u00f6dyllisille hy\u00f6nteisille.  <\/p>\n<p data-path-to-node=\"4\"><b data-path-to-node=\"4\" data-index-in-node=\"0\">Huoleton ja puhdas k\u00e4ytt\u00f6<\/b> Sy\u00f6tin lis\u00e4\u00e4minen on eritt\u00e4in helppoa eik\u00e4 vaadi erikoisty\u00f6kaluja. Parhaan tehon saavuttamiseksi avaa ilmatiivis pussi vasta juuri ennen ansaan asettamista.  <i data-path-to-node=\"4\" data-index-in-node=\"180\">On t\u00e4rke\u00e4\u00e4 muistaa, ettei itse ampullia saa avata!<\/i>  Aseta suljettu ampulli yksinkertaisesti ansan kannen sis\u00e4puolella olevaan aukkoon ja palaa puutarhat\u00f6ihisi. Vaihda vanha feromoni uuteen kolmen kuukauden v\u00e4lein, aloittaen ensimm\u00e4isest\u00e4 asennuksesta varhain kev\u00e4\u00e4ll\u00e4 heti maan muokkauksen j\u00e4lkeen. <\/p>\n<p data-path-to-node=\"5\">Varmista perunoillesi, porkkanoillesi ja muille juureksillesi puhdas ja stressit\u00f6n kasvuymp\u00e4rist\u00f6 \u2013 tuloksena on runsaampi, terveempi ja maukkaampi sato!<\/p>\n","protected":false},"excerpt":{"rendered":"<p>Jatkuvuus on terveen ja elinvoimaisen puutarhan salaisuus. Jos olet jo ottanut t\u00e4rke\u00e4n askeleen kohti luonnon tasapainoa ja asentanut mekaanisen ansan sep\u00e4nkuoriaisten pys\u00e4ytt\u00e4miseksi, sep\u00e4nkuoriaisansan t\u00e4ytt\u00f6pakkaus on korvaamaton investointi tulevan satosi turvaksi. T\u00e4ss\u00e4 k\u00e4tev\u00e4ss\u00e4 pakkauksessa on kaksi laboratoriossa testattua feromonia, jotka pit\u00e4v\u00e4t kasvimaasi suojakilven aktiivisena koko kauden ajan. Tuplam\u00e4\u00e4r\u00e4, puolen vuoden suoja Koska yksi ainoa ampulli eritt\u00e4\u00e4 [&hellip;]<\/p>\n","protected":false},"featured_media":59409,"template":"","meta":{"_acf_changed":false,"_seopress_robots_primary_cat":"","_seopress_titles_title":"Sep\u00e4nkuoriaisansan t\u00e4ytt\u00f6pakkaus (2 feromonia) | Agrozone","_seopress_titles_desc":"Jatka puutarhasi suojaamista sep\u00e4nkuoriaisilta! Ekologinen t\u00e4ytt\u00f6pakkaus takaa tuholaisvapaan sadon puoleksi vuodeksi. Tilaa luonnonmukainen feromonisy\u00f6tti heti t\u00e4st\u00e4!  ","_seopress_robots_index":"","_seopress_analysis_target_kw":"Sep\u00e4nkuoriaisansan t\u00e4ytt\u00f6pakkaus 2 feromonia","_gspb_post_css":""},"product_brand":[],"product_cat":[2392,2356,2360],"product_tag":[],"class_list":{"0":"post-59408","1":"product","2":"type-product","3":"status-publish","4":"has-post-thumbnail","6":"product_cat-kaikki-luokat","7":"product_cat-puutarhan-ja-kasvien-suojelu","8":"product_cat-kasvintuholaisten-torjunta","10":"first","11":"instock","12":"sale","13":"taxable","14":"shipping-taxable","15":"purchasable","16":"product-type-simple"},"ct_brands":[],"acf":[],"_links":{"self":[{"href":"https:\/\/agrozone.ee\/fi\/wp-json\/wp\/v2\/product\/59408","targetHints":{"allow":["GET"]}}],"collection":[{"href":"https:\/\/agrozone.ee\/fi\/wp-json\/wp\/v2\/product"}],"about":[{"href":"https:\/\/agrozone.ee\/fi\/wp-json\/wp\/v2\/types\/product"}],"wp:featuredmedia":[{"embeddable":true,"href":"https:\/\/agrozone.ee\/fi\/wp-json\/wp\/v2\/media\/59409"}],"wp:attachment":[{"href":"https:\/\/agrozone.ee\/fi\/wp-json\/wp\/v2\/media?parent=59408"}],"wp:term":[{"taxonomy":"product_brand","embeddable":true,"href":"https:\/\/agrozone.ee\/fi\/wp-json\/wp\/v2\/product_brand?post=59408"},{"taxonomy":"product_cat","embeddable":true,"href":"https:\/\/agrozone.ee\/fi\/wp-json\/wp\/v2\/product_cat?post=59408"},{"taxonomy":"product_tag","embeddable":true,"href":"https:\/\/agrozone.ee\/fi\/wp-json\/wp\/v2\/product_tag?post=59408"}],"curies":[{"name":"wp","href":"https:\/\/api.w.org\/{rel}","templated":true}]}}