{"id":59410,"date":"2024-06-09T16:14:37","date_gmt":"2024-06-09T13:14:37","guid":{"rendered":"https:\/\/agrozone.ee\/toode\/seppakuoriaisten-feromonipyydys\/"},"modified":"2024-06-09T16:14:37","modified_gmt":"2024-06-09T14:14:37","slug":"seppakuoriaisten-feromonipyydys","status":"publish","type":"product","link":"https:\/\/agrozone.ee\/fi\/tuote\/seppakuoriaisten-feromonipyydys\/","title":{"rendered":"Sepp\u00e4kuoriaisten feromonipyydys"},"content":{"rendered":"<p data-path-to-node=\"4\">Oletko kyll\u00e4stynyt siihen, ett\u00e4 huolella kasvattamasi vihannekset ja perunat ovat pilalla sadonkorjuun aikaan? <b data-path-to-node=\"4\" data-index-in-node=\"111\">Sepp\u00e4kuoriaisten feromonipyydys<\/b> on puutarhasi uusi, n\u00e4kym\u00e4t\u00f6n suojelija, joka auttaa palauttamaan t\u00e4yden hallinnan kasvimaallasi \u2013 t\u00e4ysin ilman kemiaa!<\/p>\n<p data-path-to-node=\"5\">Nykyaikaisen <b data-path-to-node=\"5\" data-index-in-node=\"12\">luonnonmukaisen tuholaistorjunnan<\/b> ei tarvitse olla monimutkaista tai kuormittavaa. T\u00e4m\u00e4 innovatiivinen feromonipyydys houkuttelee taitavasti aikuisia sepp\u00e4kuoriaisia est\u00e4en niit\u00e4 lis\u00e4\u00e4ntym\u00e4st\u00e4 ja luomasta uusia, satoa tuhoavia sukupolvia. Kyseess\u00e4 on ymp\u00e4rist\u00f6tietoinen valinta: pyydyksemme on 100 % turvallinen perheellesi, lemmikeillesi ja puutarhan monimuotoisuudelle. Siksi se sopii t\u00e4ydellisesti ja on virallisesti sallittu my\u00f6s <b data-path-to-node=\"5\" data-index-in-node=\"429\">luomuviljelyss\u00e4<\/b>.   <\/p>\n<p data-path-to-node=\"6\"><b data-path-to-node=\"6\" data-index-in-node=\"0\">Miksi valita juuri t\u00e4m\u00e4 feromonipyydys Agrozoniesta?<\/b><\/p>\n<ul data-path-to-node=\"7\">\n<li>\n<p data-path-to-node=\"7,0,0\"><b data-path-to-node=\"7,0,0\" data-index-in-node=\"0\">Pitk\u00e4aikainen mielenrauha ja suoja:<\/b> Yksi feromonisy\u00f6tti toimii aktiivisesti jopa 3 kuukautta putkeen. Se kattaa juuri kriittisimm\u00e4n kev\u00e4t-kes\u00e4kauden. <\/p>\n<\/li>\n<li>\n<p data-path-to-node=\"7,1,0\"><b data-path-to-node=\"7,1,0\" data-index-in-node=\"0\">Tieteellisesti testatut tulokset:<\/b> T\u00e4m\u00e4 ei ole vain \u201dyksi puutarhatarvike muiden joukossa\u201d, vaan laboratorioissa testattu ja teholtaan todistettu ratkaisu, joka todella toimii.<\/p>\n<\/li>\n<li>\n<p data-path-to-node=\"7,2,0\"><b data-path-to-node=\"7,2,0\" data-index-in-node=\"0\">Uudelleenk\u00e4ytett\u00e4v\u00e4 ja kest\u00e4v\u00e4:<\/b> Ekologisen jalanj\u00e4ljen pienent\u00e4miseksi s\u00e4ili\u00f6 on suunniteltu kest\u00e4m\u00e4\u00e4n. Ensi kaudella tarvitset vain uuden feromonisy\u00f6tin! <\/p>\n<\/li>\n<\/ul>\n<p data-path-to-node=\"8\"><b data-path-to-node=\"8\" data-index-in-node=\"0\">Miten varmistat parhaan tuloksen puutarhassasi?<\/b><\/p>\n<p data-path-to-node=\"9\">Parhaan tuloksen saat asentamalla pyydyksen varhain kev\u00e4\u00e4ll\u00e4, heti kun maa alkaa l\u00e4mmet\u00e4 ja ensimm\u00e4iset muokkausty\u00f6t on tehty. Hautaa kest\u00e4v\u00e4 s\u00e4ili\u00f6 kasvimaan tai pellon reunaan niin, ett\u00e4 vain aukko j\u00e4\u00e4 n\u00e4kyviin. Avaa feromonisy\u00f6tin pussi vasta juuri ennen asennusta (itse ampullia ei tarvitse avata!) ja aseta se kannen sis\u00e4puolella olevaan aukkoon. Ampulli vapauttaa houkuttelevaa feromonia v\u00e4hitellen.   <\/p>\n<p data-path-to-node=\"10\">Teht\u00e4v\u00e4ksesi j\u00e4\u00e4 vain tarkistaa pyydys silloin t\u00e4ll\u00f6in, poistaa loukkuun j\u00e4\u00e4neet sepp\u00e4kuoriaiset ja nauttia tiedosta, ett\u00e4 satosi kasvaa terveen\u00e4, elinvoimaisena ja t\u00e4ysin vapaana kiusallisista tuholaisista.<\/p>\n<p data-path-to-node=\"11\">Ota askel kohti terveemp\u00e4\u00e4 puutarhaa ja varmista satosi jo t\u00e4n\u00e4\u00e4n!<\/p>\n","protected":false},"excerpt":{"rendered":"<p>Oletko kyll\u00e4stynyt siihen, ett\u00e4 huolella kasvattamasi vihannekset ja perunat ovat pilalla sadonkorjuun aikaan? Sepp\u00e4kuoriaisten feromonipyydys on puutarhasi uusi, n\u00e4kym\u00e4t\u00f6n suojelija, joka auttaa palauttamaan t\u00e4yden hallinnan kasvimaallasi \u2013 t\u00e4ysin ilman kemiaa! Nykyaikaisen luonnonmukaisen tuholaistorjunnan ei tarvitse olla monimutkaista tai kuormittavaa. T\u00e4m\u00e4 innovatiivinen feromonipyydys houkuttelee taitavasti aikuisia sepp\u00e4kuoriaisia est\u00e4en niit\u00e4 lis\u00e4\u00e4ntym\u00e4st\u00e4 ja luomasta uusia, satoa tuhoavia sukupolvia. [&hellip;]<\/p>\n","protected":false},"featured_media":59411,"template":"","meta":{"_acf_changed":false,"_seopress_robots_primary_cat":"","_seopress_titles_title":"Tehokas sepp\u00e4kuoriaisten feromonipyydys | Agrozone","_seopress_titles_desc":"Suojaa satosi sepp\u00e4kuoriaisilta! Turvallinen ja ekologinen feromonipyydys pit\u00e4\u00e4 puutarhan terveen\u00e4. Tilaa luonnonmukainen tuholaistorjunta heti!  ","_seopress_robots_index":"","_seopress_analysis_target_kw":"sepp\u00e4kuoriaisten pyydys,sepp\u00e4kuoriaisten torjunta,feromonipyydys","_gspb_post_css":""},"product_brand":[],"product_cat":[2392,2356,2360],"product_tag":[],"class_list":{"0":"post-59410","1":"product","2":"type-product","3":"status-publish","4":"has-post-thumbnail","6":"product_cat-kaikki-luokat","7":"product_cat-puutarhan-ja-kasvien-suojelu","8":"product_cat-kasvintuholaisten-torjunta","10":"first","11":"instock","12":"sale","13":"featured","14":"taxable","15":"shipping-taxable","16":"purchasable","17":"product-type-simple"},"ct_brands":[],"acf":[],"_links":{"self":[{"href":"https:\/\/agrozone.ee\/fi\/wp-json\/wp\/v2\/product\/59410","targetHints":{"allow":["GET"]}}],"collection":[{"href":"https:\/\/agrozone.ee\/fi\/wp-json\/wp\/v2\/product"}],"about":[{"href":"https:\/\/agrozone.ee\/fi\/wp-json\/wp\/v2\/types\/product"}],"wp:featuredmedia":[{"embeddable":true,"href":"https:\/\/agrozone.ee\/fi\/wp-json\/wp\/v2\/media\/59411"}],"wp:attachment":[{"href":"https:\/\/agrozone.ee\/fi\/wp-json\/wp\/v2\/media?parent=59410"}],"wp:term":[{"taxonomy":"product_brand","embeddable":true,"href":"https:\/\/agrozone.ee\/fi\/wp-json\/wp\/v2\/product_brand?post=59410"},{"taxonomy":"product_cat","embeddable":true,"href":"https:\/\/agrozone.ee\/fi\/wp-json\/wp\/v2\/product_cat?post=59410"},{"taxonomy":"product_tag","embeddable":true,"href":"https:\/\/agrozone.ee\/fi\/wp-json\/wp\/v2\/product_tag?post=59410"}],"curies":[{"name":"wp","href":"https:\/\/api.w.org\/{rel}","templated":true}]}}