{"id":50424,"date":"2025-05-30T07:08:21","date_gmt":"2025-05-30T05:08:21","guid":{"rendered":"https:\/\/agrozone.ee\/?post_type=product&#038;p=50424"},"modified":"2025-05-30T07:08:23","modified_gmt":"2025-05-30T05:08:23","slug":"ec-mootja-laqua-ec-11","status":"publish","type":"product","link":"https:\/\/agrozone.ee\/ru\/\u0442\u043e\u0432\u0430\u0440\/ec-mootja-laqua-ec-11\/","title":{"rendered":"EC m\u00f5\u00f5tja LAQUA EC-11"},"content":{"rendered":"<p>EC m\u00f5\u00f5tja LAQUA EC-11<\/p>\n","protected":false},"excerpt":{"rendered":"<p>EC m\u00f5\u00f5tja LAQUA EC-11<\/p>\n","protected":false},"featured_media":50427,"template":"","meta":{"_acf_changed":false,"_seopress_robots_primary_cat":"","_seopress_titles_title":"","_seopress_titles_desc":"","_seopress_robots_index":"","_gspb_post_css":""},"product_brand":[],"product_cat":[1092,15,1389],"product_tag":[],"class_list":{"0":"post-50424","1":"product","2":"type-product","3":"status-publish","4":"has-post-thumbnail","6":"product_cat-kastmissusteemid","7":"product_cat-koik-kategooriad","8":"product_cat-tarvikud-kastmissusteemid","10":"first","11":"instock","12":"taxable","13":"shipping-taxable","14":"purchasable","15":"product-type-simple"},"ct_brands":[],"acf":[],"_links":{"self":[{"href":"https:\/\/agrozone.ee\/ru\/wp-json\/wp\/v2\/product\/50424","targetHints":{"allow":["GET"]}}],"collection":[{"href":"https:\/\/agrozone.ee\/ru\/wp-json\/wp\/v2\/product"}],"about":[{"href":"https:\/\/agrozone.ee\/ru\/wp-json\/wp\/v2\/types\/product"}],"wp:featuredmedia":[{"embeddable":true,"href":"https:\/\/agrozone.ee\/ru\/wp-json\/wp\/v2\/media\/50427"}],"wp:attachment":[{"href":"https:\/\/agrozone.ee\/ru\/wp-json\/wp\/v2\/media?parent=50424"}],"wp:term":[{"taxonomy":"product_brand","embeddable":true,"href":"https:\/\/agrozone.ee\/ru\/wp-json\/wp\/v2\/product_brand?post=50424"},{"taxonomy":"product_cat","embeddable":true,"href":"https:\/\/agrozone.ee\/ru\/wp-json\/wp\/v2\/product_cat?post=50424"},{"taxonomy":"product_tag","embeddable":true,"href":"https:\/\/agrozone.ee\/ru\/wp-json\/wp\/v2\/product_tag?post=50424"}],"curies":[{"name":"wp","href":"https:\/\/api.w.org\/{rel}","templated":true}]}}