{"id":53868,"date":"2025-10-23T11:41:54","date_gmt":"2025-10-23T09:41:54","guid":{"rendered":"https:\/\/agrozone.ee\/toode\/%d1%82%d0%b8%d1%82%d0%be%d0%bd%d0%b8%d1%8f-fiesta-del-sol-10-%d1%88%d1%82\/"},"modified":"2026-01-23T14:23:43","modified_gmt":"2026-01-23T12:23:43","slug":"%d1%82%d0%b8%d1%82%d0%be%d0%bd%d0%b8%d1%8f-fiesta-del-sol-10-%d1%88%d1%82","status":"publish","type":"product","link":"https:\/\/agrozone.ee\/ru\/\u0442\u043e\u0432\u0430\u0440\/%d1%82%d0%b8%d1%82%d0%be%d0%bd%d0%b8%d1%8f-fiesta-del-sol-10-%d1%88%d1%82\/","title":{"rendered":"\u0422\u0438\u0442\u043e\u043d\u0438\u044f &#8216;Fiesta del Sol&#8217; 10 \u0448\u0442."},"content":{"rendered":"<p>\u0422\u0438\u0442\u043e\u043d\u0438\u044f \u2018Fiesta del Sol\u2019 \u2013 \u043f\u0440\u0438\u0432\u043b\u0435\u043a\u0430\u0442\u0435\u043b\u044c\u043d\u044b\u0439 \u043e\u0434\u043d\u043e\u043b\u0435\u0442\u043d\u0438\u0439 \u043b\u0435\u0442\u043d\u0438\u0439 \u0446\u0432\u0435\u0442\u043e\u043a.<\/p>\n<p>\u0412\u044b\u0441\u043e\u0442\u0430: 75 \u0441\u043c.<\/p>\n<p>\u041b\u044e\u0431\u0438\u0442 \u0442\u0435\u043f\u043b\u043e \u0438 \u0441\u0432\u0435\u0442.<\/p>\n<p>\u042d\u0444\u0444\u0435\u043a\u0442\u043d\u043e \u0441\u043c\u043e\u0442\u0440\u0438\u0442\u0441\u044f \u043a\u0430\u043a \u043d\u0430 \u0433\u0440\u044f\u0434\u043a\u0435, \u0442\u0430\u043a \u0438 \u0432 \u0446\u0432\u0435\u0442\u043e\u0447\u043d\u044b\u0445 \u0433\u043e\u0440\u0448\u043a\u0430\u0445, \u043f\u043e\u0434\u0445\u043e\u0434\u0438\u0442 \u0442\u0430\u043a\u0436\u0435 \u0434\u043b\u044f \u0441\u0440\u0435\u0437\u043a\u0438.<\/p>\n<p>\u041b\u044e\u0431\u0438\u043c\u0435\u0446 \u0431\u0430\u0431\u043e\u0447\u0435\u043a.<\/p>\n<p>\u0427\u0443\u0432\u0441\u0442\u0432\u0438\u0442\u0435\u043b\u044c\u043d\u0430 \u043a \u0445\u043e\u043b\u043e\u0434\u0443.<\/p>\n<p>&nbsp;<\/p>\n<h3>\u0420\u0443\u043a\u043e\u0432\u043e\u0434\u0441\u0442\u0432\u043e \u043f\u043e\u043b\u044c\u0437\u043e\u0432\u0430\u0442\u0435\u043b\u044f<\/h3>\n<p>\u041f\u043e\u0441\u0435\u0439\u0442\u0435 \u0441\u0435\u043c\u0435\u043d\u0430 \u0432 \u043c\u0430\u0440\u0442\u0435-\u0430\u043f\u0440\u0435\u043b\u0435 \u0432 \u044f\u0449\u0438\u043a \u0434\u043b\u044f \u0440\u0430\u0441\u0441\u0430\u0434\u044b, \u043f\u0440\u044f\u043c\u043e \u0432 \u0433\u0440\u044f\u0434\u043a\u0443 \u2013 \u0432 \u0438\u044e\u043d\u0435.<\/p>\n<p>\u00d5ue istuta taimed peale \u00f6\u00f6k\u00fclmaohu m\u00f6\u00f6dumist.<\/p>\n<p>\u041f\u0440\u0435\u0434\u043f\u043e\u0447\u0438\u0442\u0430\u0435\u0442 \u0441\u043e\u043b\u043d\u0435\u0447\u043d\u043e\u0435 \u043c\u0435\u0441\u0442\u043e.<\/p>\n<p>\u041d\u043e\u0440\u043c\u0430 \u0432\u044b\u0441\u0435\u0432\u0430 \u0438\u043b\u0438 \u0441\u0445\u0435\u043c\u0430 \u043f\u043e\u0441\u0430\u0434\u043a\u0438: \u0440\u0430\u0441\u0441\u0442\u043e\u044f\u043d\u0438\u0435 \u043c\u0435\u0436\u0434\u0443 \u0440\u0430\u0441\u0442\u0435\u043d\u0438\u044f\u043c\u0438 30-50 \u0441\u043c<\/p>\n<p>\u041c\u0435\u0441\u0442\u043e \u0432\u044b\u0440\u0430\u0449\u0438\u0432\u0430\u043d\u0438\u044f: \u043f\u043e\u0441\u0435\u0432\u043d\u043e\u0439 \u044f\u0449\u0438\u043a, \u043e\u0442\u043a\u0440\u044b\u0442\u044b\u0439 \u0433\u0440\u0443\u043d\u0442<\/p>\n<p>\u0413\u043b\u0443\u0431\u0438\u043d\u0430 \u043f\u043e\u0441\u0435\u0432\u0430: 0,5-1 \u0441\u043c<\/p>\n<p>K\u00fclviaeg: k\u00fclvikasti: m\u00e4rts-aprill, avamaale: juunis<\/p>\n<p>\u0426\u0432\u0435\u0442\u0435\u0442: \u0438\u044e\u043b\u044c-\u0441\u0435\u043d\u0442.<\/p>\n","protected":false},"excerpt":{"rendered":"<p>Tithonia rotundifolia<\/p>\n","protected":false},"featured_media":53867,"template":"","meta":{"_acf_changed":false,"_seopress_robots_primary_cat":"none","_seopress_titles_title":"","_seopress_titles_desc":"","_seopress_robots_index":"","_gspb_post_css":""},"product_brand":[],"product_cat":[1518,1639,1529,1578],"product_tag":[],"class_list":{"0":"post-53868","1":"product","2":"type-product","3":"status-publish","4":"has-post-thumbnail","6":"product_cat-1518","7":"product_cat-1639","8":"product_cat-1529","9":"product_cat-1578","11":"first","12":"instock","13":"taxable","14":"shipping-taxable","15":"purchasable","16":"product-type-simple"},"ct_brands":[],"acf":[],"_links":{"self":[{"href":"https:\/\/agrozone.ee\/ru\/wp-json\/wp\/v2\/product\/53868","targetHints":{"allow":["GET"]}}],"collection":[{"href":"https:\/\/agrozone.ee\/ru\/wp-json\/wp\/v2\/product"}],"about":[{"href":"https:\/\/agrozone.ee\/ru\/wp-json\/wp\/v2\/types\/product"}],"wp:featuredmedia":[{"embeddable":true,"href":"https:\/\/agrozone.ee\/ru\/wp-json\/wp\/v2\/media\/53867"}],"wp:attachment":[{"href":"https:\/\/agrozone.ee\/ru\/wp-json\/wp\/v2\/media?parent=53868"}],"wp:term":[{"taxonomy":"product_brand","embeddable":true,"href":"https:\/\/agrozone.ee\/ru\/wp-json\/wp\/v2\/product_brand?post=53868"},{"taxonomy":"product_cat","embeddable":true,"href":"https:\/\/agrozone.ee\/ru\/wp-json\/wp\/v2\/product_cat?post=53868"},{"taxonomy":"product_tag","embeddable":true,"href":"https:\/\/agrozone.ee\/ru\/wp-json\/wp\/v2\/product_tag?post=53868"}],"curies":[{"name":"wp","href":"https:\/\/api.w.org\/{rel}","templated":true}]}}