{"id":54412,"date":"2025-11-18T07:51:19","date_gmt":"2025-11-18T05:51:19","guid":{"rendered":"https:\/\/agrozone.ee\/toode\/%d1%81%d0%b0%d0%b4%d0%be%d0%b2%d1%8b%d0%b5-%d0%b3%d1%80%d0%b0%d0%b1%d0%bb%d0%b8-2\/"},"modified":"2026-01-23T14:23:16","modified_gmt":"2026-01-23T12:23:16","slug":"%d1%81%d0%b0%d0%b4%d0%be%d0%b2%d1%8b%d0%b5-%d0%b3%d1%80%d0%b0%d0%b1%d0%bb%d0%b8-2","status":"publish","type":"product","link":"https:\/\/agrozone.ee\/ru\/\u0442\u043e\u0432\u0430\u0440\/%d1%81%d0%b0%d0%b4%d0%be%d0%b2%d1%8b%d0%b5-%d0%b3%d1%80%d0%b0%d0%b1%d0%bb%d0%b8-2\/","title":{"rendered":"\u0421\u0430\u0434\u043e\u0432\u044b\u0435 \u0433\u0440\u0430\u0431\u043b\u0438"},"content":{"rendered":"<p>K\u00f5rgekvaliteedilisest terasest k\u00e4sireha ergonoomilise puidust k\u00e4epidemega.<\/p>\n<p>Suurep\u00e4rane lehtede ja umbrohu riisumiseks aedades ja peenardes.<\/p>\n<p>Reha on vastupidav ja tugev, ning puidust k\u00e4epide ei koorma k\u00e4tt ka pikema kasutuse ajal.<\/p>\n","protected":false},"excerpt":{"rendered":"<p>K\u00f5rgekvaliteedilisest terasest k\u00e4sireha ergonoomilise puidust k\u00e4epidemega. Suurep\u00e4rane lehtede ja umbrohu riisumiseks aedades ja peenardes. Reha on vastupidav ja tugev, ning puidust k\u00e4epide ei koorma k\u00e4tt ka pikema kasutuse ajal.<\/p>\n","protected":false},"featured_media":54411,"template":"","meta":{"_acf_changed":false,"_seopress_robots_primary_cat":"none","_seopress_titles_title":"","_seopress_titles_desc":"","_seopress_robots_index":"","_gspb_post_css":""},"product_brand":[2999],"product_cat":[1518,1487,1460],"product_tag":[],"class_list":{"0":"post-54412","1":"product","2":"type-product","3":"status-publish","4":"has-post-thumbnail","6":"product_brand-organic-way","7":"product_cat-1518","8":"product_cat-1487","9":"product_cat-1460","11":"first","12":"instock","13":"taxable","14":"shipping-taxable","15":"purchasable","16":"product-type-simple"},"ct_brands":[{"id":2999,"name":"Organic Way","slug":"organic-way"}],"acf":[],"_links":{"self":[{"href":"https:\/\/agrozone.ee\/ru\/wp-json\/wp\/v2\/product\/54412","targetHints":{"allow":["GET"]}}],"collection":[{"href":"https:\/\/agrozone.ee\/ru\/wp-json\/wp\/v2\/product"}],"about":[{"href":"https:\/\/agrozone.ee\/ru\/wp-json\/wp\/v2\/types\/product"}],"wp:featuredmedia":[{"embeddable":true,"href":"https:\/\/agrozone.ee\/ru\/wp-json\/wp\/v2\/media\/54411"}],"wp:attachment":[{"href":"https:\/\/agrozone.ee\/ru\/wp-json\/wp\/v2\/media?parent=54412"}],"wp:term":[{"taxonomy":"product_brand","embeddable":true,"href":"https:\/\/agrozone.ee\/ru\/wp-json\/wp\/v2\/product_brand?post=54412"},{"taxonomy":"product_cat","embeddable":true,"href":"https:\/\/agrozone.ee\/ru\/wp-json\/wp\/v2\/product_cat?post=54412"},{"taxonomy":"product_tag","embeddable":true,"href":"https:\/\/agrozone.ee\/ru\/wp-json\/wp\/v2\/product_tag?post=54412"}],"curies":[{"name":"wp","href":"https:\/\/api.w.org\/{rel}","templated":true}]}}